{"id":866,"date":"2018-04-09T20:35:13","date_gmt":"2018-04-09T20:35:13","guid":{"rendered":"http:\/\/www.nouveau.ville.richmond.qc.ca\/?page_id=866"},"modified":"2019-01-28T15:25:40","modified_gmt":"2019-01-28T20:25:40","slug":"service-et-entretien","status":"publish","type":"page","link":"https:\/\/richmond.quebec\/en\/service-et-entretien\/","title":{"rendered":"Services and Maintenance"},"content":{"rendered":"<div id=\"pl-866\"  class=\"panel-layout\" ><div id=\"pg-866-0\"  class=\"panel-grid panel-has-style\" ><div class=\"siteorigin-panels-stretch panel-row-style panel-row-style-for-866-0\" data-stretch-type=\"full-stretched\" ><div id=\"pgc-866-0-0\"  class=\"panel-grid-cell\" ><div id=\"panel-866-0-0-0\" class=\"so-panel widget widget_sow-hero panel-first-child panel-last-child\" data-index=\"0\" ><div\n\t\t\t\n\t\t\tclass=\"so-widget-sow-hero so-widget-sow-hero-default-87cc7e7cd7b1-866 so-widget-fittext-wrapper\"\n\t\t\t data-fit-text-compressor=\"0.85\"\n\t\t>\t\t\t\t<div class=\"sow-slider-base\" style=\"display: none\" tabindex=\"0\">\n\t\t\t\t\t<ul\n\t\t\t\t\tclass=\"sow-slider-images\"\n\t\t\t\t\tdata-settings=\"{&quot;pagination&quot;:true,&quot;speed&quot;:800,&quot;timeout&quot;:8000,&quot;paused&quot;:false,&quot;pause_on_hover&quot;:false,&quot;swipe&quot;:true,&quot;nav_always_show_desktop&quot;:&quot;&quot;,&quot;nav_always_show_mobile&quot;:&quot;&quot;,&quot;breakpoint&quot;:&quot;780px&quot;,&quot;unmute&quot;:false,&quot;anchor&quot;:null}\"\n\t\t\t\t\tstyle=\"min-height: 400px\"\t\t\t\t\tdata-anchor-id=\"\"\n\t\t\t\t>\t\t<li class=\"sow-slider-image  sow-slider-image-cover\" style=\"visibility: visible;;background-color: #333333;background-image: url(https:\/\/richmond.quebec\/wp-content\/uploads\/2018\/03\/iStock_000009329788_Medium.jpg)\" >\n\t\t\t\t\t<div class=\"sow-slider-image-container\">\n\t\t\t<div class=\"sow-slider-image-wrapper\">\n\t\t\t\t\t\t\t<\/div>\n\t\t<\/div>\n\t\t\t\t<\/li>\n\t\t<\/ul>\t\t\t\t<ol class=\"sow-slider-pagination\">\n\t\t\t\t\t\t\t\t\t\t\t<li><a href=\"#\" data-goto=\"0\" aria-label=\"Display slide 1\"><\/a><\/li>\n\t\t\t\t\t\t\t\t\t<\/ol>\n\n\t\t\t\t<div class=\"sow-slide-nav sow-slide-nav-next\">\n\t\t\t\t\t<a href=\"#\" data-goto=\"next\" aria-label=\"Next slide\" data-action=\"next\">\n\t\t\t\t\t\t<em class=\"sow-sld-icon-thin-right\"><\/em>\n\t\t\t\t\t<\/a>\n\t\t\t\t<\/div>\n\n\t\t\t\t<div class=\"sow-slide-nav sow-slide-nav-prev\">\n\t\t\t\t\t<a href=\"#\" data-goto=\"previous\" aria-label=\"Previous slide\" data-action=\"prev\">\n\t\t\t\t\t\t<em class=\"sow-sld-icon-thin-left\"><\/em>\n\t\t\t\t\t<\/a>\n\t\t\t\t<\/div>\n\t\t\t\t<\/div><\/div><\/div><\/div><\/div><\/div><div id=\"pg-866-1\"  class=\"panel-grid panel-has-style\" ><div class=\"panel-row-style panel-row-style-for-866-1\" ><div id=\"pgc-866-1-0\"  class=\"panel-grid-cell\" ><div id=\"panel-866-1-0-0\" class=\"so-panel widget widget_sow-editor panel-first-child\" data-index=\"1\" ><div\n\t\t\t\n\t\t\tclass=\"so-widget-sow-editor so-widget-sow-editor-base\"\n\t\t\t\n\t\t>\n<div class=\"siteorigin-widget-tinymce textwidget\">\n\t<div style=\"background-color: #fff; position: absolute; margin-top: -60px; margin-left:-40px; width: 66%; height: 60px; z-index: 1000;\">\u00a0<\/div>\n<\/div>\n<\/div><\/div><div id=\"panel-866-1-0-1\" class=\"so-panel widget widget_sow-headline\" data-index=\"2\" ><div class=\"panel-widget-style panel-widget-style-for-866-1-0-1\" ><div\n\t\t\t\n\t\t\tclass=\"so-widget-sow-headline so-widget-sow-headline-default-d92940c07788-866\"\n\t\t\t\n\t\t><div class=\"sow-headline-container \">\n\t\t\t\t\t\t\t<h1 class=\"sow-headline\">\n\t\t\t\t\t\tServices and maintenance\t\t\t\t\t\t<\/h1>\n\t\t\t\t\t\t\t\t\t\t\t<div class=\"decoration\">\n\t\t\t\t\t\t<div class=\"decoration-inside\"><\/div>\n\t\t\t\t\t<\/div>\n\t\t\t\t\t<\/div>\n<\/div><\/div><\/div><div id=\"panel-866-1-0-2\" class=\"so-panel widget widget_sow-editor panel-last-child\" data-index=\"3\" ><div class=\"panel-widget-style panel-widget-style-for-866-1-0-2\" ><div\n\t\t\t\n\t\t\tclass=\"so-widget-sow-editor so-widget-sow-editor-base\"\n\t\t\t\n\t\t>\n<div class=\"siteorigin-widget-tinymce textwidget\">\n\t<p>La Ville de Richmond poss\u00e8de un r\u00e9seau routier de plus de 25 km\u00a0et plus de 5 km de trottoirs.<br \/>\nL'\u00e9quipe du Service des travaux publics, parcs et immeubles\u00a0proc\u00e8de \u00e0 la r\u00e9fection des rues et des trottoirs selon les priorit\u00e9s d\u00e9termin\u00e9es par la direction g\u00e9n\u00e9rale et le budget allou\u00e9 chaque ann\u00e9e. C'est elle qui r\u00e9pare les nids-de-poule, r\u00e9pare les trottoirs et les bordures de trottoirs, trace les lignes d'arr\u00eat, les traverses d'\u00e9coliers et de pi\u00e9tons, remplace les panneaux de signalisation, les noms de rues, etc<\/p>\n<h2>Nettoyage des rues et des trottoirs<\/h2>\n<p>Le nettoyage des rues et des trottoirs se fait quatre fois par ann\u00e9e. Une fois au printemps, d\u00e8s que la temp\u00e9rature le permet. Deux fois par \u00e9t\u00e9 et une fois \u00e0 l'automne pour enlever les feuilles mortes.<\/p>\n<h2>D\u00e9neigement<\/h2>\n<p>En p\u00e9riode hivernale, d\u00e8s qu'il tombe 5 cm de neige, l'\u00e9quipe du service d\u00e9bute l'\u00e9pandage d'abrasifs compos\u00e9s d'un m\u00e9lange de sable et de sel.<br \/>\nCertaines rues sont trait\u00e9es en priorit\u00e9, mais il n'en demeure pas moins que l'\u00e9quipe du service des travaux publics est organis\u00e9e pour couvrir toutes les rues le plus rapidement possible, selon un plan d\u00e9taill\u00e9 et bien rod\u00e9.<\/p>\n<h2>Bris, plainte, demande de travaux<\/h2>\n<p>Pour signaler un bris ou faire une plainte, les citoyens sont invit\u00e9s \u00e0 remplir les champs des formulaires appropri\u00e9s \u00e0 la page\u00a0<a href=\"http:\/\/www.ville.richmond.qc.ca\/documentation\/\">Formulaires<\/a>.<br \/>\nPour \u00e9mettre un commentaire d'ordre g\u00e9n\u00e9ral, les citoyens peuvent le faire par le biais de la section\u00a0<a href=\"http:\/\/ville.richmond.qc.ca\/fr\/accueil\">Questions-commentaires<\/a>\u00a0situ\u00e9e en bas de la page d'accueil. Vous pouvez aussi avoir une copie papier de ces deux formulaires en vous pr\u00e9sentant \u00e0 la r\u00e9ception de l'h\u00f4tel de ville. Sur r\u00e9ception de votre commentaire, la Ville de Richmond s'assurera d'en informer le Service des travaux publics, parcs et immeubles dans les meilleurs d\u00e9lais.<\/p>\n<h2>\u00c9gout et aqueduc<\/h2>\n<p>Le Service des travaux publics, parcs et immeubles de la Ville de Richmond coordonne et entretien le r\u00e9seau d'\u00e9gout et d'aqueduc.<\/p>\n<p>Il a sous sa responsabilit\u00e9 :<\/p>\n<p>- 7 stations d'\u00e9puration (5 situ\u00e9es \u00e0 Richmond et 2 sur le territoire du Canton de\u00a0Cleveland);<br \/>\n- 2 \u00e9tangs a\u00e9r\u00e9s;<br \/>\n- une usine de filtration d'eau;<br \/>\n- le r\u00e9seau d'aqueduc;<br \/>\n- le syst\u00e8me anti-inondation;<br \/>\n-\u00a0l'entretien des bornes-fontaines;<br \/>\n- l'entretien des puisards d'\u00e9gout, des couvercles et grilles;<br \/>\n- l'entretien des bo\u00eetes de vannes et des bo\u00eetes de service du r\u00e9seau;<br \/>\n- etc.<\/p>\n<h2>Entretien des parcs<\/h2>\n<p>La Ville de Richmond poss\u00e8de plusieurs parcs dont l'entretien revient au Service des travaux publics, parcs et immeubles.<\/p>\n<p>Par entretien, il est question de :<br \/>\n- tondre le gazon;<br \/>\n- vider les poubelles;<br \/>\n- assurer la signalisation dans les parcs;<br \/>\n- rendre praticables et s\u00e9curitaires les terrains de baseball, de volley-ball et les modules de jeux pour enfants.<\/p>\n<h2>Horticulture<\/h2>\n<p>En vue d'am\u00e9liorer le cadre de vie de ses citoyens et citoyennes, depuis quelques ann\u00e9es, la Ville de Richmond porte davantage attention \u00e0 l'esth\u00e9tique de ses rues et de ses aires publiques. Pour se faire belle,\u00a0elle\u00a0installe chaque printemps, par exemple, des jardini\u00e8res color\u00e9es et parfum\u00e9es aux poteaux \u00e9lectriques des rues, histoire d'enjoliver\u00a0le paysage urbain durant la p\u00e9riode estivale.<br \/>\nMais qui dit jardini\u00e8res, dit aussi, entretien. C'est l'\u00e9quipe du Service des travaux publics, parcs et immeubles qui a le mandat d'installer ces jardini\u00e8res et de les arroser chaque semaine et ce, tout au long de l'\u00e9t\u00e9.<\/p>\n<\/div>\n<\/div><\/div><\/div><\/div><div id=\"pgc-866-1-1\"  class=\"panel-grid-cell\" ><div id=\"panel-866-1-1-0\" class=\"so-panel widget widget_sow-image panel-first-child panel-last-child\" data-index=\"4\" ><div class=\"iw-large panel-widget-style panel-widget-style-for-866-1-1-0\" ><div\n\t\t\t\n\t\t\tclass=\"so-widget-sow-image so-widget-sow-image-default-c67d20f9f743-866\"\n\t\t\t\n\t\t>\n<div class=\"sow-image-container\">\n\t\t<img \n\tsrc=\"https:\/\/richmond.quebec\/wp-content\/uploads\/2018\/03\/trefle-vert-icon.svg\" alt=\"\" \t\tclass=\"so-widget-image\"\/>\n\t<\/div>\n\n<\/div><\/div><\/div><\/div><\/div><\/div><div id=\"pg-866-2\"  class=\"panel-grid panel-has-style\" ><div class=\"siteorigin-panels-stretch panel-row-style panel-row-style-for-866-2\" data-stretch-type=\"full\" ><div id=\"pgc-866-2-0\"  class=\"panel-grid-cell\" ><div id=\"panel-866-2-0-0\" class=\"so-panel widget widget_sow-editor panel-first-child panel-last-child\" data-index=\"5\" ><div class=\"panel-widget-style panel-widget-style-for-866-2-0-0\" ><div\n\t\t\t\n\t\t\tclass=\"so-widget-sow-editor so-widget-sow-editor-base\"\n\t\t\t\n\t\t>\n<div class=\"siteorigin-widget-tinymce textwidget\">\n\t<\/p>\n<p>&nbsp;<\/p>\n<\/div>\n<\/div><\/div><\/div><\/div><\/div><\/div><\/div>","protected":false},"excerpt":{"rendered":"<p>\u00a0 La Ville de Richmond poss\u00e8de un r\u00e9seau routier de plus de 25 km\u00a0et plus de 5 km de trottoirs. L&#8217;\u00e9quipe du Service des travaux publics, parcs et immeubles\u00a0proc\u00e8de \u00e0 la r\u00e9fection des rues et des trottoirs selon les priorit\u00e9s d\u00e9termin\u00e9es par la direction g\u00e9n\u00e9rale et le budget allou\u00e9 chaque ann\u00e9e. C&#8217;est elle qui r\u00e9pare [&hellip;]<\/p>\n","protected":false},"author":2,"featured_media":0,"parent":0,"menu_order":0,"comment_status":"closed","ping_status":"closed","template":"","meta":{"_monsterinsights_skip_tracking":false,"_monsterinsights_sitenote_active":false,"_monsterinsights_sitenote_note":"","_monsterinsights_sitenote_category":0,"ocean_post_layout":"","ocean_both_sidebars_style":"","ocean_both_sidebars_content_width":0,"ocean_both_sidebars_sidebars_width":0,"ocean_sidebar":"0","ocean_second_sidebar":"0","ocean_disable_margins":"enable","ocean_add_body_class":"","ocean_shortcode_before_top_bar":"","ocean_shortcode_after_top_bar":"","ocean_shortcode_before_header":"","ocean_shortcode_after_header":"","ocean_has_shortcode":"","ocean_shortcode_after_title":"","ocean_shortcode_before_footer_widgets":"","ocean_shortcode_after_footer_widgets":"","ocean_shortcode_before_footer_bottom":"","ocean_shortcode_after_footer_bottom":"","ocean_display_top_bar":"default","ocean_display_header":"default","ocean_header_style":"","ocean_center_header_left_menu":"0","ocean_custom_header_template":"0","ocean_custom_logo":0,"ocean_custom_retina_logo":0,"ocean_custom_logo_max_width":0,"ocean_custom_logo_tablet_max_width":0,"ocean_custom_logo_mobile_max_width":0,"ocean_custom_logo_max_height":0,"ocean_custom_logo_tablet_max_height":0,"ocean_custom_logo_mobile_max_height":0,"ocean_header_custom_menu":"0","ocean_menu_typo_font_family":"0","ocean_menu_typo_font_subset":"","ocean_menu_typo_font_size":0,"ocean_menu_typo_font_size_tablet":0,"ocean_menu_typo_font_size_mobile":0,"ocean_menu_typo_font_size_unit":"px","ocean_menu_typo_font_weight":"","ocean_menu_typo_font_weight_tablet":"","ocean_menu_typo_font_weight_mobile":"","ocean_menu_typo_transform":"","ocean_menu_typo_transform_tablet":"","ocean_menu_typo_transform_mobile":"","ocean_menu_typo_line_height":0,"ocean_menu_typo_line_height_tablet":0,"ocean_menu_typo_line_height_mobile":0,"ocean_menu_typo_line_height_unit":"","ocean_menu_typo_spacing":0,"ocean_menu_typo_spacing_tablet":0,"ocean_menu_typo_spacing_mobile":0,"ocean_menu_typo_spacing_unit":"","ocean_menu_link_color":"","ocean_menu_link_color_hover":"","ocean_menu_link_color_active":"","ocean_menu_link_background":"","ocean_menu_link_hover_background":"","ocean_menu_link_active_background":"","ocean_menu_social_links_bg":"","ocean_menu_social_hover_links_bg":"","ocean_menu_social_links_color":"","ocean_menu_social_hover_links_color":"","ocean_disable_title":"default","ocean_disable_heading":"default","ocean_post_title":"","ocean_post_subheading":"","ocean_post_title_style":"","ocean_post_title_background_color":"","ocean_post_title_background":0,"ocean_post_title_bg_image_position":"","ocean_post_title_bg_image_attachment":"","ocean_post_title_bg_image_repeat":"","ocean_post_title_bg_image_size":"","ocean_post_title_height":0,"ocean_post_title_bg_overlay":0.5,"ocean_post_title_bg_overlay_color":"","ocean_disable_breadcrumbs":"default","ocean_breadcrumbs_color":"","ocean_breadcrumbs_separator_color":"","ocean_breadcrumbs_links_color":"","ocean_breadcrumbs_links_hover_color":"","ocean_display_footer_widgets":"default","ocean_display_footer_bottom":"default","ocean_custom_footer_template":"0","footnotes":""},"class_list":["post-866","page","type-page","status-publish","hentry","entry"],"aioseo_notices":[],"publishpress_future_action":{"enabled":false,"date":"2026-05-10 11:05:53","action":"change-status","newStatus":"draft","terms":[],"taxonomy":"","extraData":[]},"publishpress_future_workflow_manual_trigger":{"enabledWorkflows":[]},"_links":{"self":[{"href":"https:\/\/richmond.quebec\/en\/wp-json\/wp\/v2\/pages\/866","targetHints":{"allow":["GET"]}}],"collection":[{"href":"https:\/\/richmond.quebec\/en\/wp-json\/wp\/v2\/pages"}],"about":[{"href":"https:\/\/richmond.quebec\/en\/wp-json\/wp\/v2\/types\/page"}],"author":[{"embeddable":true,"href":"https:\/\/richmond.quebec\/en\/wp-json\/wp\/v2\/users\/2"}],"replies":[{"embeddable":true,"href":"https:\/\/richmond.quebec\/en\/wp-json\/wp\/v2\/comments?post=866"}],"version-history":[{"count":14,"href":"https:\/\/richmond.quebec\/en\/wp-json\/wp\/v2\/pages\/866\/revisions"}],"predecessor-version":[{"id":2832,"href":"https:\/\/richmond.quebec\/en\/wp-json\/wp\/v2\/pages\/866\/revisions\/2832"}],"wp:attachment":[{"href":"https:\/\/richmond.quebec\/en\/wp-json\/wp\/v2\/media?parent=866"}],"curies":[{"name":"wp","href":"https:\/\/api.w.org\/{rel}","templated":true}]}}