{"id":814,"date":"2018-04-09T20:18:12","date_gmt":"2018-04-09T20:18:12","guid":{"rendered":"http:\/\/www.nouveau.ville.richmond.qc.ca\/?page_id=814"},"modified":"2025-04-17T16:41:10","modified_gmt":"2025-04-17T20:41:10","slug":"ou-manger","status":"publish","type":"page","link":"https:\/\/richmond.quebec\/en\/ou-manger\/","title":{"rendered":"WHERE TO EAT?"},"content":{"rendered":"<div id=\"pl-814\"  class=\"panel-layout\" ><div id=\"pg-814-0\"  class=\"panel-grid panel-has-style\" ><div class=\"siteorigin-panels-stretch panel-row-style panel-row-style-for-814-0\" data-stretch-type=\"full-width-stretch\" ><div id=\"pgc-814-0-0\"  class=\"panel-grid-cell\" ><div id=\"panel-814-0-0-0\" class=\"so-panel widget widget_sow-hero panel-first-child panel-last-child\" data-index=\"0\" ><div\n\t\t\t\n\t\t\tclass=\"so-widget-sow-hero so-widget-sow-hero-default-87cc7e7cd7b1-814 so-widget-fittext-wrapper\"\n\t\t\t data-fit-text-compressor=\"0.85\"\n\t\t>\t\t\t\t<div class=\"sow-slider-base\" style=\"display: none\" tabindex=\"0\">\n\t\t\t\t\t<ul\n\t\t\t\t\tclass=\"sow-slider-images\"\n\t\t\t\t\tdata-settings=\"{&quot;pagination&quot;:true,&quot;speed&quot;:800,&quot;timeout&quot;:8000,&quot;paused&quot;:false,&quot;pause_on_hover&quot;:false,&quot;swipe&quot;:true,&quot;nav_always_show_desktop&quot;:&quot;&quot;,&quot;nav_always_show_mobile&quot;:&quot;&quot;,&quot;breakpoint&quot;:&quot;780px&quot;,&quot;unmute&quot;:false,&quot;anchor&quot;:null}\"\n\t\t\t\t\tstyle=\"min-height: 400px\"\t\t\t\t\tdata-anchor-id=\"\"\n\t\t\t\t>\t\t<li class=\"sow-slider-image  sow-slider-image-cover\" style=\"visibility: visible;;background-color: #333333;background-image: url(https:\/\/richmond.quebec\/wp-content\/uploads\/2018\/04\/resto-1440x411.jpg)\" >\n\t\t\t\t\t<div class=\"sow-slider-image-container\">\n\t\t\t<div class=\"sow-slider-image-wrapper\">\n\t\t\t\t\t\t\t<\/div>\n\t\t<\/div>\n\t\t\t\t<\/li>\n\t\t<\/ul>\t\t\t\t<ol class=\"sow-slider-pagination\">\n\t\t\t\t\t\t\t\t\t\t\t<li><a href=\"#\" data-goto=\"0\" aria-label=\"Display slide 1\"><\/a><\/li>\n\t\t\t\t\t\t\t\t\t<\/ol>\n\n\t\t\t\t<div class=\"sow-slide-nav sow-slide-nav-next\">\n\t\t\t\t\t<a href=\"#\" data-goto=\"next\" aria-label=\"Next slide\" data-action=\"next\">\n\t\t\t\t\t\t<em class=\"sow-sld-icon-thin-right\"><\/em>\n\t\t\t\t\t<\/a>\n\t\t\t\t<\/div>\n\n\t\t\t\t<div class=\"sow-slide-nav sow-slide-nav-prev\">\n\t\t\t\t\t<a href=\"#\" data-goto=\"previous\" aria-label=\"Previous slide\" data-action=\"prev\">\n\t\t\t\t\t\t<em class=\"sow-sld-icon-thin-left\"><\/em>\n\t\t\t\t\t<\/a>\n\t\t\t\t<\/div>\n\t\t\t\t<\/div><\/div><\/div><\/div><\/div><\/div><div id=\"pg-814-1\"  class=\"panel-grid panel-has-style\" ><div class=\"panel-row-style panel-row-style-for-814-1\" ><div id=\"pgc-814-1-0\"  class=\"panel-grid-cell\" ><div id=\"panel-814-1-0-0\" class=\"so-panel widget widget_sow-editor panel-first-child\" data-index=\"1\" ><div\n\t\t\t\n\t\t\tclass=\"so-widget-sow-editor so-widget-sow-editor-base\"\n\t\t\t\n\t\t>\n<div class=\"siteorigin-widget-tinymce textwidget\">\n\t<div style=\"background-color: #fff; position: absolute; margin-top: -60px; margin-left: -40px; width: 66%; height: 60px; z-index: 1000;\"><\/div>\n<\/div>\n<\/div><\/div><div id=\"panel-814-1-0-1\" class=\"so-panel widget widget_sow-headline\" data-index=\"2\" ><div class=\"panel-widget-style panel-widget-style-for-814-1-0-1\" ><div\n\t\t\t\n\t\t\tclass=\"so-widget-sow-headline so-widget-sow-headline-default-d92940c07788-814\"\n\t\t\t\n\t\t><div class=\"sow-headline-container \">\n\t\t\t\t\t\t\t<h1 class=\"sow-headline\">\n\t\t\t\t\t\tWhere to eat\t\t\t\t\t\t<\/h1>\n\t\t\t\t\t\t\t\t\t\t\t<div class=\"decoration\">\n\t\t\t\t\t\t<div class=\"decoration-inside\"><\/div>\n\t\t\t\t\t<\/div>\n\t\t\t\t\t<\/div>\n<\/div><\/div><\/div><div id=\"panel-814-1-0-2\" class=\"so-panel widget widget_sow-editor panel-last-child\" data-index=\"3\" ><div class=\"panel-widget-style panel-widget-style-for-814-1-0-2\" ><div\n\t\t\t\n\t\t\tclass=\"so-widget-sow-editor so-widget-sow-editor-base\"\n\t\t\t\n\t\t>\n<div class=\"siteorigin-widget-tinymce textwidget\">\n\t<\/div>\n<\/div><\/div><\/div><\/div><div id=\"pgc-814-1-1\"  class=\"panel-grid-cell\" ><div id=\"panel-814-1-1-0\" class=\"so-panel widget widget_sow-image panel-first-child panel-last-child\" data-index=\"4\" ><div class=\"iw-large panel-widget-style panel-widget-style-for-814-1-1-0\" ><div\n\t\t\t\n\t\t\tclass=\"so-widget-sow-image so-widget-sow-image-default-c67d20f9f743-814\"\n\t\t\t\n\t\t>\n<div class=\"sow-image-container\">\n\t\t<img \n\tsrc=\"https:\/\/richmond.quebec\/wp-content\/uploads\/2018\/03\/trefle-vert-icon.svg\" alt=\"\" \t\tclass=\"so-widget-image\"\/>\n\t<\/div>\n\n<\/div><\/div><\/div><\/div><\/div><\/div><div id=\"pg-814-2\"  class=\"panel-grid panel-no-style\" ><div id=\"pgc-814-2-0\"  class=\"panel-grid-cell\" ><div id=\"panel-814-2-0-0\" class=\"so-panel widget widget_sow-editor panel-first-child panel-last-child\" data-index=\"5\" ><div\n\t\t\t\n\t\t\tclass=\"so-widget-sow-editor so-widget-sow-editor-base\"\n\t\t\t\n\t\t>\n<div class=\"siteorigin-widget-tinymce textwidget\">\n\t<h3>Restaurant-boulangerie-p\u00e2tisserie La Desserte<\/h3>\n<p>La Desserte exploite un restaurant, une boulangerie et une p\u00e2tisserie dans une maison centenaire sise dans le quartier patrimonial de Richmond. (Ce magnifique quartier est dot\u00e9 de nombreuses demeures ancestrales aux toits en ardoise.) Le restaurant offre un menu midi avec table d'h\u00f4te inspir\u00e9e par les produits du march\u00e9 de m\u00eame qu'un menu brunch les fins de semaine. La Desserte offre aussi \u00e0 ses clients, un salon de th\u00e9 \u00e0 l'anglaise de m\u00eame qu'une \u00e9picerie fine o\u00f9 vous trouverez des gammes int\u00e9ressantes de produits tels huiles, vinaigres,<\/p>\n<p><strong><a href=\"https:\/\/www.richmond.quebec\/wp-content\/uploads\/2018\/10\/desserte.png\"><img decoding=\"async\" class=\"alignnone wp-image-2172 size-medium\" src=\"https:\/\/richmond.quebec\/wp-content\/uploads\/2018\/10\/desserte-300x117.png\" alt=\"\" width=\"300\" height=\"117\" srcset=\"https:\/\/richmond.quebec\/wp-content\/uploads\/2018\/10\/desserte-300x117.png 300w, https:\/\/richmond.quebec\/wp-content\/uploads\/2018\/10\/desserte-768x300.png 768w, https:\/\/richmond.quebec\/wp-content\/uploads\/2018\/10\/desserte.png 946w\" sizes=\"(max-width: 300px) 100vw, 300px\" \/><\/a><\/strong><\/p>\n<p><strong><span style=\"color: #0000ff;\">La Desserte<\/span><br \/>\n<\/strong>224, rue Coll\u00e8ge Sud<br \/>\nRichmond (Qu\u00e9bec) J0B 2H0<br \/>\nT\u00e9l. : 819 826-1862<br \/>\nSite Web :\u00a0<a href=\"http:\/\/www.ladesserte.com\/\">www.ladesserte.com<\/a><\/p>\n<p><strong><span style=\"color: #0000ff;\">Restaurant La Vieille Gare<\/span><\/strong><\/p>\n<p>Construite en 1910, la Vieille Gare de Richmond a \u00e9t\u00e9 transform\u00e9e en restaurant durant l'\u00e9t\u00e9 1999. Les mat\u00e9riaux d'origine, dont le bois de sapin et la brique, donnent un aspect des plus chaleureux \u00e0 l'endroit.<\/p>\n<p>Venez observer les lampes Tiffany suspendues au plafond de 15 pi et les lampes peintes \u00e0 la main par l'artiste local Sandy Robert! Venez voir les anciennes poutres de bois de sapin qui ont \u00e9t\u00e9 r\u00e9utilis\u00e9es afin de construire les tables, les banquettes et les tablettes. Bref, que vous soyez en moto, en auto, \u00e0 pied ou en motoneige, venez profiter d'un excellent repas en admirant un peu de notre histoire qu\u00e9b\u00e9coise. Au menu : C\u00f4te lev\u00e9e, Steak\/grillades, fruits de mer et d\u00e9jeuner.<\/p>\n<p><strong><a href=\"https:\/\/www.richmond.quebec\/wp-content\/uploads\/2018\/10\/vieillegare3.png\"><img decoding=\"async\" class=\"alignnone wp-image-2173 size-medium\" src=\"https:\/\/richmond.quebec\/wp-content\/uploads\/2018\/10\/vieillegare3-300x139.png\" alt=\"\" width=\"300\" height=\"139\" srcset=\"https:\/\/richmond.quebec\/wp-content\/uploads\/2018\/10\/vieillegare3-300x139.png 300w, https:\/\/richmond.quebec\/wp-content\/uploads\/2018\/10\/vieillegare3-768x355.png 768w, https:\/\/richmond.quebec\/wp-content\/uploads\/2018\/10\/vieillegare3.png 787w\" sizes=\"(max-width: 300px) 100vw, 300px\" \/><\/a><\/strong><\/p>\n<p>739, rue Principale Nord<br \/>\nRichmond (Qu\u00e9bec) J0B 2H0<br \/>\nT\u00e9l. : 819 826-6655<br \/>\nCourriel :\u00a0<a href=\"mailto:infovgare@gmail.com\">infovgare@gmail.com<\/a><br \/>\nFacebook:\u00a0\u00a0<a href=\"https:\/\/www.facebook.com\/RestaurantLaVieilleGaredeRichmond\/\" target=\"_blank\" rel=\"noopener\">https:\/\/www.facebook.com\/RestaurantLaVieilleGaredeRichmond\/<\/a><\/p>\n<p><strong><span style=\"color: #0000ff;\">Restaurant Mike<\/span><br \/>\n<\/strong>382, rue Craig<br \/>\nRichmond (Qu\u00e9bec) J0B 2H0<br \/>\n<span style=\"font-size: 16px;\">T\u00e9l. : 819\u00a0644-0099<\/span><\/p>\n<p><strong><a href=\"https:\/\/richmond.quebec\/wp-content\/uploads\/2018\/10\/RichmondPizza.png\"><img decoding=\"async\" class=\"alignnone wp-image-2181 size-full\" src=\"https:\/\/richmond.quebec\/wp-content\/uploads\/2018\/10\/RichmondPizza.png\" alt=\"\" width=\"227\" height=\"252\" \/><\/a><span style=\"color: #0000ff;\">Restaurant Richmond pizza<\/span><br \/>\n<\/strong>187, rue Principale Nord<br \/>\nRichmond (Qu\u00e9bec) J0B 2H0<br \/>\n<span style=\"font-size: 16px;\">T\u00e9l. : 819 826-3769<br \/>\n<a href=\"http:\/\/richmondpizza.ca\/\" target=\"_blank\" rel=\"noopener\">Site Internet<\/a><\/span><\/p>\n<p><strong style=\"color: #0000ff;\">Restaurant Chalet Le Belle-View<\/strong><\/p>\n<p>Le Chalet Le Belle-View vous invite \u00e0 savourer une cuisine gastronomique vari\u00e9e, reconnue pour ses tartares raffin\u00e9s et ses desserts italiens gourmands. Profitez d\u2019un service attentionn\u00e9 en salle, de plats \u00e0 emporter ou de son service de livraison. Que ce soit sur la terrasse, pr\u00e8s du foyer ou au bar, chaque espace a \u00e9t\u00e9 pens\u00e9 pour vous offrir une exp\u00e9rience culinaire inoubliable, \u00e0 la hauteur de vos attentes.<\/p>\n<p><a href=\"https:\/\/richmond.quebec\/wp-content\/uploads\/2025\/04\/banniere-chalet-le-belle-view-richmond-huitre-tartare.jpg\"><img decoding=\"async\" class=\"alignnone size-medium wp-image-5941\" src=\"https:\/\/richmond.quebec\/wp-content\/uploads\/2025\/04\/banniere-chalet-le-belle-view-richmond-huitre-tartare-300x117.jpg\" alt=\"\" width=\"300\" height=\"117\" srcset=\"https:\/\/richmond.quebec\/wp-content\/uploads\/2025\/04\/banniere-chalet-le-belle-view-richmond-huitre-tartare-300x117.jpg 300w, https:\/\/richmond.quebec\/wp-content\/uploads\/2025\/04\/banniere-chalet-le-belle-view-richmond-huitre-tartare.jpg 600w\" sizes=\"(max-width: 300px) 100vw, 300px\" \/><\/a><\/p>\n<p>75, rue Belmont<br \/>\nRichmond (Qu\u00e9bec) J0B 2H0<br \/>\n<span style=\"font-size: 16px;\">T\u00e9l. : 1 888 880-3411<br \/>\n<a href=\"https:\/\/chalet.lebelleview.ca\/\" target=\"_blank\" rel=\"noopener\">Site Internet<\/a><\/span><\/p>\n<p><span style=\"color: #0000ff;\"><strong>Caf\u00e9 du couvent<\/strong><\/span><\/p>\n<p>200, rue du Couvent #120<br \/>\nRichmond (Qu\u00e9bec) J0B 2H0<br \/>\n<span style=\"font-size: 16px;\">T\u00e9l. : 819 644-0434<\/span><strong><span style=\"font-size: 16px;\"><br \/>\n<a href=\"https:\/\/cafe-du-couvent.business.site\/\" target=\"_blank\" rel=\"noopener\">Site Internet<\/a><\/span><\/strong><\/p>\n<p><strong><span style=\"color: #0000ff;\">Repas minute Richmond<\/span> (Cantine)<\/strong><br \/>\n44, rue Principale Sud<br \/>\nRichmond (Qu\u00e9bec) J0B 2H0<br \/>\nT\u00e9l. : 819 826-3432<\/p>\n<p><a href=\"https:\/\/richmond.quebec\/wp-content\/uploads\/2018\/10\/campagnard-e1539014130846.jpg\"><img decoding=\"async\" class=\"alignnone wp-image-2176 size-medium\" src=\"https:\/\/richmond.quebec\/wp-content\/uploads\/2018\/10\/campagnard-300x300.jpg\" alt=\"\" width=\"300\" height=\"300\" \/><\/a><\/p>\n<p><span style=\"color: #0000ff;\"><strong>Fromagerie Le campagnard<\/strong><\/span><br \/>\n394, rue Craig<br \/>\nRichmond (Qu\u00e9bec)\u00a0 J0B 2H0<br \/>\nT\u00e9l.:\u00a0 819 644-0447<br \/>\n<a href=\"https:\/\/www.facebook.com\/Fromagerie-le-campagnard-608663716006909\/\" target=\"_blank\" rel=\"noopener\">Site Internet<\/a><\/p>\n<p>&nbsp;<\/p>\n<p>&nbsp;<\/p>\n<p><a href=\"https:\/\/richmond.quebec\/wp-content\/uploads\/2018\/10\/valentine.png\"><img decoding=\"async\" class=\"alignnone wp-image-2179 size-full\" src=\"https:\/\/richmond.quebec\/wp-content\/uploads\/2018\/10\/valentine.png\" alt=\"\" width=\"179\" height=\"48\" \/><\/a><\/p>\n<p><span style=\"color: #0000ff;\"><strong>Restaurant Valentine<\/strong><\/span><br \/>\n555, rue Craig Est<br \/>\nRichmond (Qu\u00e9bec)\u00a0 J0B 2H0<br \/>\nT\u00e9l.:\u00a0 819 826-6762<br \/>\n<a href=\"https:\/\/www.valentine.ca\/fr\/\" target=\"_blank\" rel=\"noopener\">Site Internet<\/a><\/p>\n<p><strong><a href=\"https:\/\/www.richmond.quebec\/wp-content\/uploads\/2018\/10\/subway.png\"><img decoding=\"async\" class=\"alignnone wp-image-2177 size-full\" src=\"https:\/\/richmond.quebec\/wp-content\/uploads\/2018\/10\/subway.png\" alt=\"\" width=\"150\" height=\"40\" \/><\/a><span style=\"color: #0000ff;\">Restaurant Subway<\/span><\/strong><br \/>\n555, rue\u00a0Craig Est<br \/>\nRichmond (Qu\u00e9bec)\u00a0 J0B 2H0<br \/>\nT\u00e9l.:\u00a0 819 826-6282<br \/>\n<a href=\"https:\/\/www.subway.com\/fr-CA\/FindAStore?zip=richmond\" target=\"_blank\" rel=\"noopener\">Site Internet<\/a><\/p>\n<p><strong><a href=\"https:\/\/www.richmond.quebec\/wp-content\/uploads\/2018\/10\/timHortons.png\"><img decoding=\"async\" class=\"alignnone wp-image-2178 size-full\" src=\"https:\/\/richmond.quebec\/wp-content\/uploads\/2018\/10\/timHortons.png\" alt=\"\" width=\"151\" height=\"31\" srcset=\"https:\/\/richmond.quebec\/wp-content\/uploads\/2018\/10\/timHortons.png 151w, https:\/\/richmond.quebec\/wp-content\/uploads\/2018\/10\/timHortons-150x31.png 150w\" sizes=\"(max-width: 151px) 100vw, 151px\" \/><\/a><span style=\"color: #0000ff;\">Restaurant Tim Hortons<\/span><\/strong><br \/>\n150, route 116<br \/>\nRichmond (Qu\u00e9bec)\u00a0 J0B 2H0<br \/>\nT\u00e9l.:\u00a0 819 826-1983<br \/>\n<a href=\"https:\/\/locations.timhortons.com\/ca\/qc\/richmond\/150-route-116.html\" target=\"_blank\" rel=\"noopener\">Site Internet<\/a><\/p>\n<\/div>\n<\/div><\/div><\/div><\/div><\/div>","protected":false},"excerpt":{"rendered":"<p>Where to eat Restaurant-boulangerie-p\u00e2tisserie La Desserte La Desserte exploite un restaurant, une boulangerie et une p\u00e2tisserie dans une maison centenaire sise dans le quartier patrimonial de Richmond. (Ce magnifique quartier est dot\u00e9 de nombreuses demeures ancestrales aux toits en ardoise.) Le restaurant offre un menu midi avec table d&#8217;h\u00f4te inspir\u00e9e par les produits du march\u00e9 [&hellip;]<\/p>\n","protected":false},"author":2,"featured_media":0,"parent":0,"menu_order":0,"comment_status":"closed","ping_status":"closed","template":"","meta":{"_monsterinsights_skip_tracking":false,"_monsterinsights_sitenote_active":false,"_monsterinsights_sitenote_note":"","_monsterinsights_sitenote_category":0,"ocean_post_layout":"","ocean_both_sidebars_style":"","ocean_both_sidebars_content_width":0,"ocean_both_sidebars_sidebars_width":0,"ocean_sidebar":"0","ocean_second_sidebar":"0","ocean_disable_margins":"enable","ocean_add_body_class":"","ocean_shortcode_before_top_bar":"","ocean_shortcode_after_top_bar":"","ocean_shortcode_before_header":"","ocean_shortcode_after_header":"","ocean_has_shortcode":"","ocean_shortcode_after_title":"","ocean_shortcode_before_footer_widgets":"","ocean_shortcode_after_footer_widgets":"","ocean_shortcode_before_footer_bottom":"","ocean_shortcode_after_footer_bottom":"","ocean_display_top_bar":"default","ocean_display_header":"default","ocean_header_style":"","ocean_center_header_left_menu":"0","ocean_custom_header_template":"0","ocean_custom_logo":0,"ocean_custom_retina_logo":0,"ocean_custom_logo_max_width":0,"ocean_custom_logo_tablet_max_width":0,"ocean_custom_logo_mobile_max_width":0,"ocean_custom_logo_max_height":0,"ocean_custom_logo_tablet_max_height":0,"ocean_custom_logo_mobile_max_height":0,"ocean_header_custom_menu":"0","ocean_menu_typo_font_family":"0","ocean_menu_typo_font_subset":"","ocean_menu_typo_font_size":0,"ocean_menu_typo_font_size_tablet":0,"ocean_menu_typo_font_size_mobile":0,"ocean_menu_typo_font_size_unit":"px","ocean_menu_typo_font_weight":"","ocean_menu_typo_font_weight_tablet":"","ocean_menu_typo_font_weight_mobile":"","ocean_menu_typo_transform":"","ocean_menu_typo_transform_tablet":"","ocean_menu_typo_transform_mobile":"","ocean_menu_typo_line_height":0,"ocean_menu_typo_line_height_tablet":0,"ocean_menu_typo_line_height_mobile":0,"ocean_menu_typo_line_height_unit":"","ocean_menu_typo_spacing":0,"ocean_menu_typo_spacing_tablet":0,"ocean_menu_typo_spacing_mobile":0,"ocean_menu_typo_spacing_unit":"","ocean_menu_link_color":"","ocean_menu_link_color_hover":"","ocean_menu_link_color_active":"","ocean_menu_link_background":"","ocean_menu_link_hover_background":"","ocean_menu_link_active_background":"","ocean_menu_social_links_bg":"","ocean_menu_social_hover_links_bg":"","ocean_menu_social_links_color":"","ocean_menu_social_hover_links_color":"","ocean_disable_title":"default","ocean_disable_heading":"default","ocean_post_title":"","ocean_post_subheading":"","ocean_post_title_style":"","ocean_post_title_background_color":"","ocean_post_title_background":0,"ocean_post_title_bg_image_position":"","ocean_post_title_bg_image_attachment":"","ocean_post_title_bg_image_repeat":"","ocean_post_title_bg_image_size":"","ocean_post_title_height":0,"ocean_post_title_bg_overlay":0.5,"ocean_post_title_bg_overlay_color":"","ocean_disable_breadcrumbs":"default","ocean_breadcrumbs_color":"","ocean_breadcrumbs_separator_color":"","ocean_breadcrumbs_links_color":"","ocean_breadcrumbs_links_hover_color":"","ocean_display_footer_widgets":"default","ocean_display_footer_bottom":"default","ocean_custom_footer_template":"0","footnotes":""},"class_list":["post-814","page","type-page","status-publish","hentry","entry"],"aioseo_notices":[],"publishpress_future_action":{"enabled":false,"date":"2026-05-15 16:27:35","action":"change-status","newStatus":"draft","terms":[],"taxonomy":"","extraData":[]},"publishpress_future_workflow_manual_trigger":{"enabledWorkflows":[]},"_links":{"self":[{"href":"https:\/\/richmond.quebec\/en\/wp-json\/wp\/v2\/pages\/814","targetHints":{"allow":["GET"]}}],"collection":[{"href":"https:\/\/richmond.quebec\/en\/wp-json\/wp\/v2\/pages"}],"about":[{"href":"https:\/\/richmond.quebec\/en\/wp-json\/wp\/v2\/types\/page"}],"author":[{"embeddable":true,"href":"https:\/\/richmond.quebec\/en\/wp-json\/wp\/v2\/users\/2"}],"replies":[{"embeddable":true,"href":"https:\/\/richmond.quebec\/en\/wp-json\/wp\/v2\/comments?post=814"}],"version-history":[{"count":31,"href":"https:\/\/richmond.quebec\/en\/wp-json\/wp\/v2\/pages\/814\/revisions"}],"predecessor-version":[{"id":5943,"href":"https:\/\/richmond.quebec\/en\/wp-json\/wp\/v2\/pages\/814\/revisions\/5943"}],"wp:attachment":[{"href":"https:\/\/richmond.quebec\/en\/wp-json\/wp\/v2\/media?parent=814"}],"curies":[{"name":"wp","href":"https:\/\/api.w.org\/{rel}","templated":true}]}}