{"id":800,"date":"2018-04-09T20:11:05","date_gmt":"2018-04-09T20:11:05","guid":{"rendered":"http:\/\/www.nouveau.ville.richmond.qc.ca\/?page_id=800"},"modified":"2026-01-26T09:53:48","modified_gmt":"2026-01-26T14:53:48","slug":"prevention-et-securite","status":"publish","type":"page","link":"https:\/\/richmond.quebec\/en\/prevention-et-securite\/","title":{"rendered":"PUBLIC SECURITY"},"content":{"rendered":"<div id=\"pl-800\"  class=\"panel-layout\" ><div id=\"pg-800-0\"  class=\"panel-grid panel-has-style\" ><div class=\"siteorigin-panels-stretch panel-row-style panel-row-style-for-800-0\" data-stretch-type=\"full-width-stretch\" ><div id=\"pgc-800-0-0\"  class=\"panel-grid-cell\" ><div id=\"panel-800-0-0-0\" class=\"so-panel widget widget_sow-hero panel-first-child panel-last-child\" data-index=\"0\" ><div\n\t\t\t\n\t\t\tclass=\"so-widget-sow-hero so-widget-sow-hero-default-87cc7e7cd7b1-800 so-widget-fittext-wrapper\"\n\t\t\t data-fit-text-compressor=\"0.85\"\n\t\t>\t\t\t\t<div class=\"sow-slider-base\" style=\"display: none\" tabindex=\"0\">\n\t\t\t\t\t<ul\n\t\t\t\t\tclass=\"sow-slider-images\"\n\t\t\t\t\tdata-settings=\"{&quot;pagination&quot;:true,&quot;speed&quot;:800,&quot;timeout&quot;:8000,&quot;paused&quot;:false,&quot;pause_on_hover&quot;:false,&quot;swipe&quot;:true,&quot;nav_always_show_desktop&quot;:&quot;&quot;,&quot;nav_always_show_mobile&quot;:&quot;&quot;,&quot;breakpoint&quot;:&quot;780px&quot;,&quot;unmute&quot;:false,&quot;anchor&quot;:null}\"\n\t\t\t\t\tstyle=\"min-height: 400px\"\t\t\t\t\tdata-anchor-id=\"\"\n\t\t\t\t>\t\t<li class=\"sow-slider-image  sow-slider-image-cover\" style=\"visibility: visible;;background-color: #333333;background-image: url(https:\/\/richmond.quebec\/wp-content\/uploads\/2018\/07\/hud-header-securite.jpg)\" >\n\t\t\t\t\t<div class=\"sow-slider-image-container\">\n\t\t\t<div class=\"sow-slider-image-wrapper\">\n\t\t\t\t\t\t\t<\/div>\n\t\t<\/div>\n\t\t\t\t<\/li>\n\t\t<\/ul>\t\t\t\t<ol class=\"sow-slider-pagination\">\n\t\t\t\t\t\t\t\t\t\t\t<li><a href=\"#\" data-goto=\"0\" aria-label=\"Display slide 1\"><\/a><\/li>\n\t\t\t\t\t\t\t\t\t<\/ol>\n\n\t\t\t\t<div class=\"sow-slide-nav sow-slide-nav-next\">\n\t\t\t\t\t<a href=\"#\" data-goto=\"next\" aria-label=\"Next slide\" data-action=\"next\">\n\t\t\t\t\t\t<em class=\"sow-sld-icon-thin-right\"><\/em>\n\t\t\t\t\t<\/a>\n\t\t\t\t<\/div>\n\n\t\t\t\t<div class=\"sow-slide-nav sow-slide-nav-prev\">\n\t\t\t\t\t<a href=\"#\" data-goto=\"previous\" aria-label=\"Previous slide\" data-action=\"prev\">\n\t\t\t\t\t\t<em class=\"sow-sld-icon-thin-left\"><\/em>\n\t\t\t\t\t<\/a>\n\t\t\t\t<\/div>\n\t\t\t\t<\/div><\/div><\/div><\/div><\/div><\/div><div id=\"pg-800-1\"  class=\"panel-grid panel-has-style\" ><div class=\"panel-row-style panel-row-style-for-800-1\" ><div id=\"pgc-800-1-0\"  class=\"panel-grid-cell\" ><div id=\"panel-800-1-0-0\" class=\"so-panel widget widget_sow-editor panel-first-child\" data-index=\"1\" ><div\n\t\t\t\n\t\t\tclass=\"so-widget-sow-editor so-widget-sow-editor-base\"\n\t\t\t\n\t\t>\n<div class=\"siteorigin-widget-tinymce textwidget\">\n\t<div style=\"background-color: #fff; position: absolute; margin-top: -60px; margin-left:-40px; width: 66%; height: 60px; z-index: 1000;\">\u00a0<\/div>\n<\/div>\n<\/div><\/div><div id=\"panel-800-1-0-1\" class=\"so-panel widget widget_sow-headline\" data-index=\"2\" ><div class=\"panel-widget-style panel-widget-style-for-800-1-0-1\" ><div\n\t\t\t\n\t\t\tclass=\"so-widget-sow-headline so-widget-sow-headline-default-d92940c07788-800\"\n\t\t\t\n\t\t><div class=\"sow-headline-container \">\n\t\t\t\t\t\t\t<h1 class=\"sow-headline\">\n\t\t\t\t\t\tPublic security\t\t\t\t\t\t<\/h1>\n\t\t\t\t\t\t\t\t\t\t\t<div class=\"decoration\">\n\t\t\t\t\t\t<div class=\"decoration-inside\"><\/div>\n\t\t\t\t\t<\/div>\n\t\t\t\t\t<\/div>\n<\/div><\/div><\/div><div id=\"panel-800-1-0-2\" class=\"so-panel widget widget_sow-editor\" data-index=\"3\" ><div class=\"panel-widget-style panel-widget-style-for-800-1-0-2\" ><div\n\t\t\t\n\t\t\tclass=\"so-widget-sow-editor so-widget-sow-editor-base\"\n\t\t\t\n\t\t>\n<div class=\"siteorigin-widget-tinymce textwidget\">\n\t(Fran\u00e7ais) <h2><a href=\"https:\/\/www.nouveau.richmond.quebec\/wp-content\/uploads\/2018\/08\/20180822_142047.jpg\"><img decoding=\"async\" class=\"alignright wp-image-1878 size-medium\" src=\"https:\/\/www.nouveau.richmond.quebec\/wp-content\/uploads\/2018\/08\/20180822_142047-300x169.jpg\" alt=\"\" width=\"300\" height=\"169\" srcset=\"https:\/\/richmond.quebec\/wp-content\/uploads\/2018\/08\/20180822_142047-300x169.jpg 300w, https:\/\/richmond.quebec\/wp-content\/uploads\/2018\/08\/20180822_142047-768x432.jpg 768w, https:\/\/richmond.quebec\/wp-content\/uploads\/2018\/08\/20180822_142047-1024x576.jpg 1024w\" sizes=\"(max-width: 300px) 100vw, 300px\" \/><\/a>S\u00fbret\u00e9 du Qu\u00e9bec<\/h2>\n<p>La Ville de Richmond est desservie par la S\u00fbret\u00e9 du Qu\u00e9bec qui couvre tout le territoire de la MRC du Val-Saint-Fran\u00e7ois.<\/p>\n<p>Heures d'ouverture<br \/>\n8 h 30 \u00e0 16 h 30 (tous les jours)<\/p>\n<p><strong>Coordonn\u00e9es<\/strong><\/p>\n<p>Suret\u00e9 du Qu\u00e9bec, poste de la MRC du Val-Saint-Fran\u00e7ois<br \/>\n735, rue Gouin, C.P. 730<br \/>\nRichmond (Qu\u00e9bec) J0B 2H0<br \/>\nT\u00e9l. : 819 826-3755 (renseignements g\u00e9n\u00e9raux)<br \/>\nSite Web :\u00a0<a href=\"http:\/\/www.sq.gouv.qc.ca\" target=\"_blank\" rel=\"noopener\">www.sq.gouv.qc.ca<\/a><br \/>\nURGENCE : 911<\/p>\n<p><\/p><\/div>\n<\/div><\/div><\/div><div id=\"panel-800-1-0-3\" class=\"so-panel widget widget_sow-editor panel-last-child\" data-index=\"4\" ><div class=\"panel-widget-style panel-widget-style-for-800-1-0-3\" ><div\n\t\t\t\n\t\t\tclass=\"so-widget-sow-editor so-widget-sow-editor-base\"\n\t\t\t\n\t\t>\n<div class=\"siteorigin-widget-tinymce textwidget\">\n\t<h2><\/p>\n<\/div>\n<\/div><\/div><\/div><\/div><div id=\"pgc-800-1-1\"  class=\"panel-grid-cell\" ><div id=\"panel-800-1-1-0\" class=\"so-panel widget widget_sow-image panel-first-child panel-last-child\" data-index=\"5\" ><div class=\"iw-large panel-widget-style panel-widget-style-for-800-1-1-0\" ><div\n\t\t\t\n\t\t\tclass=\"so-widget-sow-image so-widget-sow-image-default-c67d20f9f743-800\"\n\t\t\t\n\t\t>\n<div class=\"sow-image-container\">\n\t\t<img \n\tsrc=\"https:\/\/richmond.quebec\/wp-content\/uploads\/2018\/03\/orange-rounded-icon.svg\" alt=\"\" \t\tclass=\"so-widget-image\"\/>\n\t<\/div>\n\n<\/div><\/div><\/div><\/div><\/div><\/div><div id=\"pg-800-2\"  class=\"panel-grid panel-no-style\" ><div id=\"pgc-800-2-0\"  class=\"panel-grid-cell\" ><div id=\"panel-800-2-0-0\" class=\"so-panel widget widget_sow-editor panel-first-child panel-last-child\" data-index=\"6\" ><div class=\"panel-widget-style panel-widget-style-for-800-2-0-0\" ><div\n\t\t\t\n\t\t\tclass=\"so-widget-sow-editor so-widget-sow-editor-base\"\n\t\t\t\n\t\t>\n<div class=\"siteorigin-widget-tinymce textwidget\">\n\t<h2>\n<\/p>\n<p>&nbsp;<\/p>\n<\/div>\n<\/div><\/div><\/div><\/div><\/div><div id=\"pg-800-3\"  class=\"panel-grid panel-has-style\" ><div class=\"siteorigin-panels-stretch panel-row-style panel-row-style-for-800-3\" data-stretch-type=\"full\" ><div id=\"pgc-800-3-0\"  class=\"panel-grid-cell\" ><div id=\"panel-800-3-0-0\" class=\"so-panel widget widget_sow-editor panel-first-child panel-last-child\" data-index=\"7\" ><div class=\"panel-widget-style panel-widget-style-for-800-3-0-0\" ><div\n\t\t\t\n\t\t\tclass=\"so-widget-sow-editor so-widget-sow-editor-base\"\n\t\t\t\n\t\t>\n<div class=\"siteorigin-widget-tinymce textwidget\">\n\t<\/div>\n<\/div><\/div><\/div><\/div><\/div><\/div><\/div>","protected":false},"excerpt":{"rendered":"<p>\u00a0 (Fran\u00e7ais) S\u00fbret\u00e9 du Qu\u00e9bec La Ville de Richmond est desservie par la S\u00fbret\u00e9 du Qu\u00e9bec qui couvre tout le territoire de la MRC du Val-Saint-Fran\u00e7ois. Heures d&#8217;ouverture 8 h 30 \u00e0 16 h 30 (tous les jours) Coordonn\u00e9es Suret\u00e9 du Qu\u00e9bec, poste de la MRC du Val-Saint-Fran\u00e7ois 735, rue Gouin, C.P. 730 Richmond (Qu\u00e9bec) [&hellip;]<\/p>\n","protected":false},"author":2,"featured_media":0,"parent":0,"menu_order":0,"comment_status":"closed","ping_status":"closed","template":"","meta":{"_monsterinsights_skip_tracking":false,"_monsterinsights_sitenote_active":false,"_monsterinsights_sitenote_note":"","_monsterinsights_sitenote_category":0,"ocean_post_layout":"","ocean_both_sidebars_style":"","ocean_both_sidebars_content_width":0,"ocean_both_sidebars_sidebars_width":0,"ocean_sidebar":"0","ocean_second_sidebar":"0","ocean_disable_margins":"enable","ocean_add_body_class":"","ocean_shortcode_before_top_bar":"","ocean_shortcode_after_top_bar":"","ocean_shortcode_before_header":"","ocean_shortcode_after_header":"","ocean_has_shortcode":"","ocean_shortcode_after_title":"","ocean_shortcode_before_footer_widgets":"","ocean_shortcode_after_footer_widgets":"","ocean_shortcode_before_footer_bottom":"","ocean_shortcode_after_footer_bottom":"","ocean_display_top_bar":"default","ocean_display_header":"default","ocean_header_style":"","ocean_center_header_left_menu":"0","ocean_custom_header_template":"0","ocean_custom_logo":0,"ocean_custom_retina_logo":0,"ocean_custom_logo_max_width":0,"ocean_custom_logo_tablet_max_width":0,"ocean_custom_logo_mobile_max_width":0,"ocean_custom_logo_max_height":0,"ocean_custom_logo_tablet_max_height":0,"ocean_custom_logo_mobile_max_height":0,"ocean_header_custom_menu":"0","ocean_menu_typo_font_family":"0","ocean_menu_typo_font_subset":"","ocean_menu_typo_font_size":0,"ocean_menu_typo_font_size_tablet":0,"ocean_menu_typo_font_size_mobile":0,"ocean_menu_typo_font_size_unit":"px","ocean_menu_typo_font_weight":"","ocean_menu_typo_font_weight_tablet":"","ocean_menu_typo_font_weight_mobile":"","ocean_menu_typo_transform":"","ocean_menu_typo_transform_tablet":"","ocean_menu_typo_transform_mobile":"","ocean_menu_typo_line_height":0,"ocean_menu_typo_line_height_tablet":0,"ocean_menu_typo_line_height_mobile":0,"ocean_menu_typo_line_height_unit":"","ocean_menu_typo_spacing":0,"ocean_menu_typo_spacing_tablet":0,"ocean_menu_typo_spacing_mobile":0,"ocean_menu_typo_spacing_unit":"","ocean_menu_link_color":"","ocean_menu_link_color_hover":"","ocean_menu_link_color_active":"","ocean_menu_link_background":"","ocean_menu_link_hover_background":"","ocean_menu_link_active_background":"","ocean_menu_social_links_bg":"","ocean_menu_social_hover_links_bg":"","ocean_menu_social_links_color":"","ocean_menu_social_hover_links_color":"","ocean_disable_title":"default","ocean_disable_heading":"default","ocean_post_title":"","ocean_post_subheading":"","ocean_post_title_style":"","ocean_post_title_background_color":"","ocean_post_title_background":0,"ocean_post_title_bg_image_position":"","ocean_post_title_bg_image_attachment":"","ocean_post_title_bg_image_repeat":"","ocean_post_title_bg_image_size":"","ocean_post_title_height":0,"ocean_post_title_bg_overlay":0.5,"ocean_post_title_bg_overlay_color":"","ocean_disable_breadcrumbs":"default","ocean_breadcrumbs_color":"","ocean_breadcrumbs_separator_color":"","ocean_breadcrumbs_links_color":"","ocean_breadcrumbs_links_hover_color":"","ocean_display_footer_widgets":"default","ocean_display_footer_bottom":"default","ocean_custom_footer_template":"0","footnotes":""},"class_list":["post-800","page","type-page","status-publish","hentry","entry"],"aioseo_notices":[],"publishpress_future_action":{"enabled":false,"date":"2026-04-10 17:16:12","action":"change-status","newStatus":"draft","terms":[],"taxonomy":"","extraData":[]},"publishpress_future_workflow_manual_trigger":{"enabledWorkflows":[]},"_links":{"self":[{"href":"https:\/\/richmond.quebec\/en\/wp-json\/wp\/v2\/pages\/800","targetHints":{"allow":["GET"]}}],"collection":[{"href":"https:\/\/richmond.quebec\/en\/wp-json\/wp\/v2\/pages"}],"about":[{"href":"https:\/\/richmond.quebec\/en\/wp-json\/wp\/v2\/types\/page"}],"author":[{"embeddable":true,"href":"https:\/\/richmond.quebec\/en\/wp-json\/wp\/v2\/users\/2"}],"replies":[{"embeddable":true,"href":"https:\/\/richmond.quebec\/en\/wp-json\/wp\/v2\/comments?post=800"}],"version-history":[{"count":47,"href":"https:\/\/richmond.quebec\/en\/wp-json\/wp\/v2\/pages\/800\/revisions"}],"predecessor-version":[{"id":6396,"href":"https:\/\/richmond.quebec\/en\/wp-json\/wp\/v2\/pages\/800\/revisions\/6396"}],"wp:attachment":[{"href":"https:\/\/richmond.quebec\/en\/wp-json\/wp\/v2\/media?parent=800"}],"curies":[{"name":"wp","href":"https:\/\/api.w.org\/{rel}","templated":true}]}}