{"id":786,"date":"2018-04-09T20:05:50","date_gmt":"2018-04-09T20:05:50","guid":{"rendered":"http:\/\/www.nouveau.ville.richmond.qc.ca\/?page_id=786"},"modified":"2025-02-17T18:05:08","modified_gmt":"2025-02-17T23:05:08","slug":"ecocentre","status":"publish","type":"page","link":"https:\/\/richmond.quebec\/en\/ecocentre\/","title":{"rendered":"Eco-center"},"content":{"rendered":"<div id=\"pl-786\"  class=\"panel-layout\" ><div id=\"pg-786-0\"  class=\"panel-grid panel-has-style\" ><div class=\"siteorigin-panels-stretch panel-row-style panel-row-style-for-786-0\" data-stretch-type=\"full-width-stretch\" ><div id=\"pgc-786-0-0\"  class=\"panel-grid-cell\" ><div id=\"panel-786-0-0-0\" class=\"so-panel widget widget_sow-hero panel-first-child panel-last-child\" data-index=\"0\" ><div\n\t\t\t\n\t\t\tclass=\"so-widget-sow-hero so-widget-sow-hero-default-87cc7e7cd7b1-786 so-widget-fittext-wrapper\"\n\t\t\t data-fit-text-compressor=\"0.85\"\n\t\t>\t\t\t\t<div class=\"sow-slider-base\" style=\"display: none\" tabindex=\"0\">\n\t\t\t\t\t<ul\n\t\t\t\t\tclass=\"sow-slider-images\"\n\t\t\t\t\tdata-settings=\"{&quot;pagination&quot;:true,&quot;speed&quot;:800,&quot;timeout&quot;:8000,&quot;paused&quot;:false,&quot;pause_on_hover&quot;:false,&quot;swipe&quot;:true,&quot;nav_always_show_desktop&quot;:&quot;&quot;,&quot;nav_always_show_mobile&quot;:&quot;&quot;,&quot;breakpoint&quot;:&quot;780px&quot;,&quot;unmute&quot;:false,&quot;anchor&quot;:null}\"\n\t\t\t\t\tstyle=\"min-height: 400px\"\t\t\t\t\tdata-anchor-id=\"\"\n\t\t\t\t>\t\t<li class=\"sow-slider-image  sow-slider-image-cover\" style=\"visibility: visible;;background-color: #333333;background-image: url(https:\/\/richmond.quebec\/wp-content\/uploads\/2018\/03\/iStock_000009329788_Medium.jpg)\" >\n\t\t\t\t\t<div class=\"sow-slider-image-container\">\n\t\t\t<div class=\"sow-slider-image-wrapper\">\n\t\t\t\t\t\t\t<\/div>\n\t\t<\/div>\n\t\t\t\t<\/li>\n\t\t<\/ul>\t\t\t\t<ol class=\"sow-slider-pagination\">\n\t\t\t\t\t\t\t\t\t\t\t<li><a href=\"#\" data-goto=\"0\" aria-label=\"Display slide 1\"><\/a><\/li>\n\t\t\t\t\t\t\t\t\t<\/ol>\n\n\t\t\t\t<div class=\"sow-slide-nav sow-slide-nav-next\">\n\t\t\t\t\t<a href=\"#\" data-goto=\"next\" aria-label=\"Next slide\" data-action=\"next\">\n\t\t\t\t\t\t<em class=\"sow-sld-icon-thin-right\"><\/em>\n\t\t\t\t\t<\/a>\n\t\t\t\t<\/div>\n\n\t\t\t\t<div class=\"sow-slide-nav sow-slide-nav-prev\">\n\t\t\t\t\t<a href=\"#\" data-goto=\"previous\" aria-label=\"Previous slide\" data-action=\"prev\">\n\t\t\t\t\t\t<em class=\"sow-sld-icon-thin-left\"><\/em>\n\t\t\t\t\t<\/a>\n\t\t\t\t<\/div>\n\t\t\t\t<\/div><\/div><\/div><\/div><\/div><\/div><div id=\"pg-786-1\"  class=\"panel-grid panel-has-style\" ><div class=\"panel-row-style panel-row-style-for-786-1\" ><div id=\"pgc-786-1-0\"  class=\"panel-grid-cell\" ><div id=\"panel-786-1-0-0\" class=\"so-panel widget widget_sow-editor panel-first-child\" data-index=\"1\" ><div\n\t\t\t\n\t\t\tclass=\"so-widget-sow-editor so-widget-sow-editor-base\"\n\t\t\t\n\t\t>\n<div class=\"siteorigin-widget-tinymce textwidget\">\n\t<div style=\"background-color: #fff; position: absolute; margin-top: -60px; margin-left:-40px; width: 66%; height: 60px; z-index: 1000;\">\u00a0<\/div>\n<\/div>\n<\/div><\/div><div id=\"panel-786-1-0-1\" class=\"so-panel widget widget_sow-headline\" data-index=\"2\" ><div class=\"panel-widget-style panel-widget-style-for-786-1-0-1\" ><div\n\t\t\t\n\t\t\tclass=\"so-widget-sow-headline so-widget-sow-headline-default-d92940c07788-786\"\n\t\t\t\n\t\t><div class=\"sow-headline-container \">\n\t\t\t\t\t\t\t<h1 class=\"sow-headline\">\n\t\t\t\t\t\tEco-center\t\t\t\t\t\t<\/h1>\n\t\t\t\t\t\t\t\t\t\t\t<div class=\"decoration\">\n\t\t\t\t\t\t<div class=\"decoration-inside\"><\/div>\n\t\t\t\t\t<\/div>\n\t\t\t\t\t<\/div>\n<\/div><\/div><\/div><div id=\"panel-786-1-0-2\" class=\"so-panel widget widget_sow-editor panel-last-child\" data-index=\"3\" ><div class=\"panel-widget-style panel-widget-style-for-786-1-0-2\" ><div\n\t\t\t\n\t\t\tclass=\"so-widget-sow-editor so-widget-sow-editor-base\"\n\t\t\t\n\t\t>\n<div class=\"siteorigin-widget-tinymce textwidget\">\n\t<p>(Fran\u00e7ais) <\/p>\n<p>Les citoyens de la MRC peuvent apporter \u00e0 l'<a href=\"https:\/\/val-saint-francois.qc.ca\/services\/ecocentres\/\" target=\"_blank\" rel=\"noopener\">\u00e9cocentre r\u00e9gional du Val-Saint-Fran\u00e7ois<\/a> les mati\u00e8res encombrantes dont ils d\u00e9sirent se d\u00e9barrasser.<\/p>\n<p>Horaire de l'\u00e9cocentre<br \/>\nL'\u00e9cocentre est ouvert de la fin avril \u00e0 la fin novembre selon l'horaire suivant :<\/p>\n<p>Dimanche, lundi et mardi\u00a0 =\u00a0\u00a0FERM\u00c9<\/p>\n<p>Mercredi, jeudi et vendredi\u00a0 =\u00a0\u00a09 h \u00e0 17 h<\/p>\n<p>Samedi\u00a0 =\u00a0\u00a09 h \u00e0 15 h<\/p>\n<p><strong>Mati\u00e8res accept\u00e9es et tarification<\/strong><br \/>\nLes citoyens de la MRC du Val-Saint-Fran\u00e7ois peuvent apporter gratuitement les mati\u00e8res suivantes \u00e0 l'\u00e9cocentre, \u00e0 condition de les trier dans les endroits appropri\u00e9s : bois, branches, briques et b\u00e9ton, carton, herbes et feuilles, mat\u00e9riel informatique, mat\u00e9riel r\u00e9utilisable, m\u00e9tal, plastique agricole, r\u00e9sidus domestiques dangereux (RDD), v\u00eatement.<br \/>\nLe bardeau d'asphalte tri\u00e9 s'ajoute \u00e0 la liste des mati\u00e8res accept\u00e9es \u00e0 l'\u00e9cocentre. Par contre, une tarification est exig\u00e9e, de m\u00eame que pour les mat\u00e9riaux suivants :<br \/>\n\u2022 Bardeaux d'asphalte tri\u00e9x : 70,00 $\/m3 ou moins<br \/>\n\u2022 Matelas et meuble rembourr\u00e9 (ex. : divan ou fauteuil) : 15,00 $\/morceau<br \/>\n\u2022 Multimati\u00e8res non valorisables (mat\u00e9riaux de construction) : de 15 $ pour 0,5 m3 \u00e0 150 $ pour 5m3<br \/>\n\u2022 Afin d'\u00e9viter tout risque d'accident, les citoyens doivent attacher solidement les articles qu'ils transportent \u00e0 l'\u00e9cocentre de fa\u00e7on \u00e0 ce qu'aucune partie du chargement ne puisse se d\u00e9placer ou se d\u00e9tacher dans leur v\u00e9hicule ou leur remorque<br \/>\n\u2022 Rappelons que les pr\u00e9pos\u00e9s \u00e0 l'\u00e9cocentre ne sont pas tenus d'aider les citoyens \u00e0 d\u00e9charger leurs mati\u00e8res. Il est donc important de pr\u00e9voir les effectifs et les \u00e9quipements de s\u00e9curit\u00e9 n\u00e9cessaires<br \/>\n\u2022 En terminant, si vos mati\u00e8res ne peuvent pas \u00eatre mise en valeur par le recyclage, le compostage ou la valorisation, ne soyez pas surpris si le pr\u00e9pos\u00e9 de l'\u00e9cocentre vous redirige vers des lieux d'enfouissement environnant, soit \u00e0 Saint-Nic\u00e9phore, Ste-C\u00e9cile-de-Milton ou\u00a0Bury. Il est important de se rappeler que l'\u00e9cocentre est avant tout un centre de r\u00e9cup\u00e9ration et de mise en valeur.<br \/>\nPour en savoir plus sur les mati\u00e8res accept\u00e9es et les modalit\u00e9s d'admission, il est possible de vous adresser directement \u00e0 l'\u00e9cocentre en composant le 819 845-2544.<\/p>\n<p><strong>Coordonn\u00e9es<\/strong><\/p>\n<p>\u00c9cocentre r\u00e9gional du Val-Saint-Fran\u00e7ois<br \/>\n666, chemin Keenan<br \/>\nCanton de Melbourne (Qu\u00e9bec)<br \/>\nT\u00e9l. : (819) 845-2544<br \/>\nSite Web : <a href=\"https:\/\/val-saint-francois.qc.ca\/services\/ecocentres\/\" target=\"_blank\" rel=\"noopener\">https:\/\/val-saint-francois.qc.ca\/services\/ecocentres\/<\/a><\/p>\n<p><strong>Site d'enfouissement<\/strong><br \/>\nVous avez la possibilit\u00e9 de vous d\u00e9partir de vos d\u00e9chets en allant les porter au site d'enfouissement situ\u00e9 \u00e0 Saint-Nic\u00e9phore. Par contre, des frais de 95 $ + taxes sont demand\u00e9s pour chaque tonne de r\u00e9sidus.<\/p>\n<p>Heures d'ouverture<br \/>\nDu lundi au vendredi, de 7 h \u00e0 18 h<br \/>\nSamedi, de 8 h \u00e0 12 h 30<\/p>\n<p><strong>Coordonn\u00e9es<\/strong><\/p>\n<p>Waste Management - Division de Saint-Nic\u00e9phore<br \/>\n25, rue Gagnon<br \/>\nDrummondville (Qu\u00e9bec) J2A 3H3<br \/>\nT\u00e9l. : 819 477-6609 poste 0<br \/>\nSite Web : <a href=\"http:\/\/www.saint-nicephore.wm.com\">www.saint-nicephore.wm.com<\/a><\/p><\/p>\n<\/div>\n<\/div><\/div><\/div><\/div><div id=\"pgc-786-1-1\"  class=\"panel-grid-cell\" ><div id=\"panel-786-1-1-0\" class=\"so-panel widget widget_sow-image panel-first-child panel-last-child\" data-index=\"4\" ><div class=\"iw-large panel-widget-style panel-widget-style-for-786-1-1-0\" ><div\n\t\t\t\n\t\t\tclass=\"so-widget-sow-image so-widget-sow-image-default-c67d20f9f743-786\"\n\t\t\t\n\t\t>\n<div class=\"sow-image-container\">\n\t\t<img \n\tsrc=\"https:\/\/richmond.quebec\/wp-content\/uploads\/2018\/03\/blue-icon.svg\" alt=\"\" \t\tclass=\"so-widget-image\"\/>\n\t<\/div>\n\n<\/div><\/div><\/div><\/div><\/div><\/div><div id=\"pg-786-2\"  class=\"panel-grid panel-no-style\" ><div id=\"pgc-786-2-0\"  class=\"panel-grid-cell\" ><div id=\"panel-786-2-0-0\" class=\"so-panel widget widget_sow-editor panel-first-child panel-last-child\" data-index=\"5\" ><div class=\"panel-widget-style panel-widget-style-for-786-2-0-0\" ><div\n\t\t\t\n\t\t\tclass=\"so-widget-sow-editor so-widget-sow-editor-base\"\n\t\t\t\n\t\t>\n<div class=\"siteorigin-widget-tinymce textwidget\">\n\t<\/p>\n<p>&nbsp;<\/p>\n<\/div>\n<\/div><\/div><\/div><\/div><\/div><div id=\"pg-786-3\"  class=\"panel-grid panel-has-style\" ><div class=\"siteorigin-panels-stretch panel-row-style panel-row-style-for-786-3\" data-stretch-type=\"full\" ><div id=\"pgc-786-3-0\"  class=\"panel-grid-cell\" ><div id=\"panel-786-3-0-0\" class=\"so-panel widget widget_sow-editor panel-first-child panel-last-child\" data-index=\"6\" ><div class=\"panel-widget-style panel-widget-style-for-786-3-0-0\" ><div\n\t\t\t\n\t\t\tclass=\"so-widget-sow-editor so-widget-sow-editor-base\"\n\t\t\t\n\t\t>\n<div class=\"siteorigin-widget-tinymce textwidget\">\n\t<\/p>\n<p>&nbsp;<\/p>\n<\/div>\n<\/div><\/div><\/div><\/div><\/div><\/div><\/div>","protected":false},"excerpt":{"rendered":"<p>\u00a0 (Fran\u00e7ais) Les citoyens de la MRC peuvent apporter \u00e0 l&#8217;\u00e9cocentre r\u00e9gional du Val-Saint-Fran\u00e7ois les mati\u00e8res encombrantes dont ils d\u00e9sirent se d\u00e9barrasser. Horaire de l&#8217;\u00e9cocentre L&#8217;\u00e9cocentre est ouvert de la fin avril \u00e0 la fin novembre selon l&#8217;horaire suivant : Dimanche, lundi et mardi\u00a0 =\u00a0\u00a0FERM\u00c9 Mercredi, jeudi et vendredi\u00a0 =\u00a0\u00a09 h \u00e0 17 h Samedi\u00a0 [&hellip;]<\/p>\n","protected":false},"author":2,"featured_media":0,"parent":0,"menu_order":0,"comment_status":"closed","ping_status":"closed","template":"","meta":{"_monsterinsights_skip_tracking":false,"_monsterinsights_sitenote_active":false,"_monsterinsights_sitenote_note":"","_monsterinsights_sitenote_category":0,"ocean_post_layout":"","ocean_both_sidebars_style":"","ocean_both_sidebars_content_width":0,"ocean_both_sidebars_sidebars_width":0,"ocean_sidebar":"0","ocean_second_sidebar":"0","ocean_disable_margins":"enable","ocean_add_body_class":"","ocean_shortcode_before_top_bar":"","ocean_shortcode_after_top_bar":"","ocean_shortcode_before_header":"","ocean_shortcode_after_header":"","ocean_has_shortcode":"","ocean_shortcode_after_title":"","ocean_shortcode_before_footer_widgets":"","ocean_shortcode_after_footer_widgets":"","ocean_shortcode_before_footer_bottom":"","ocean_shortcode_after_footer_bottom":"","ocean_display_top_bar":"default","ocean_display_header":"default","ocean_header_style":"","ocean_center_header_left_menu":"0","ocean_custom_header_template":"0","ocean_custom_logo":0,"ocean_custom_retina_logo":0,"ocean_custom_logo_max_width":0,"ocean_custom_logo_tablet_max_width":0,"ocean_custom_logo_mobile_max_width":0,"ocean_custom_logo_max_height":0,"ocean_custom_logo_tablet_max_height":0,"ocean_custom_logo_mobile_max_height":0,"ocean_header_custom_menu":"0","ocean_menu_typo_font_family":"0","ocean_menu_typo_font_subset":"","ocean_menu_typo_font_size":0,"ocean_menu_typo_font_size_tablet":0,"ocean_menu_typo_font_size_mobile":0,"ocean_menu_typo_font_size_unit":"px","ocean_menu_typo_font_weight":"","ocean_menu_typo_font_weight_tablet":"","ocean_menu_typo_font_weight_mobile":"","ocean_menu_typo_transform":"","ocean_menu_typo_transform_tablet":"","ocean_menu_typo_transform_mobile":"","ocean_menu_typo_line_height":0,"ocean_menu_typo_line_height_tablet":0,"ocean_menu_typo_line_height_mobile":0,"ocean_menu_typo_line_height_unit":"","ocean_menu_typo_spacing":0,"ocean_menu_typo_spacing_tablet":0,"ocean_menu_typo_spacing_mobile":0,"ocean_menu_typo_spacing_unit":"","ocean_menu_link_color":"","ocean_menu_link_color_hover":"","ocean_menu_link_color_active":"","ocean_menu_link_background":"","ocean_menu_link_hover_background":"","ocean_menu_link_active_background":"","ocean_menu_social_links_bg":"","ocean_menu_social_hover_links_bg":"","ocean_menu_social_links_color":"","ocean_menu_social_hover_links_color":"","ocean_disable_title":"default","ocean_disable_heading":"default","ocean_post_title":"","ocean_post_subheading":"","ocean_post_title_style":"","ocean_post_title_background_color":"","ocean_post_title_background":0,"ocean_post_title_bg_image_position":"","ocean_post_title_bg_image_attachment":"","ocean_post_title_bg_image_repeat":"","ocean_post_title_bg_image_size":"","ocean_post_title_height":0,"ocean_post_title_bg_overlay":0.5,"ocean_post_title_bg_overlay_color":"","ocean_disable_breadcrumbs":"default","ocean_breadcrumbs_color":"","ocean_breadcrumbs_separator_color":"","ocean_breadcrumbs_links_color":"","ocean_breadcrumbs_links_hover_color":"","ocean_display_footer_widgets":"default","ocean_display_footer_bottom":"default","ocean_custom_footer_template":"0","footnotes":""},"class_list":["post-786","page","type-page","status-publish","hentry","entry"],"aioseo_notices":[],"publishpress_future_action":{"enabled":false,"date":"2026-05-10 10:41:33","action":"change-status","newStatus":"draft","terms":[],"taxonomy":"","extraData":[]},"publishpress_future_workflow_manual_trigger":{"enabledWorkflows":[]},"_links":{"self":[{"href":"https:\/\/richmond.quebec\/en\/wp-json\/wp\/v2\/pages\/786","targetHints":{"allow":["GET"]}}],"collection":[{"href":"https:\/\/richmond.quebec\/en\/wp-json\/wp\/v2\/pages"}],"about":[{"href":"https:\/\/richmond.quebec\/en\/wp-json\/wp\/v2\/types\/page"}],"author":[{"embeddable":true,"href":"https:\/\/richmond.quebec\/en\/wp-json\/wp\/v2\/users\/2"}],"replies":[{"embeddable":true,"href":"https:\/\/richmond.quebec\/en\/wp-json\/wp\/v2\/comments?post=786"}],"version-history":[{"count":13,"href":"https:\/\/richmond.quebec\/en\/wp-json\/wp\/v2\/pages\/786\/revisions"}],"predecessor-version":[{"id":5842,"href":"https:\/\/richmond.quebec\/en\/wp-json\/wp\/v2\/pages\/786\/revisions\/5842"}],"wp:attachment":[{"href":"https:\/\/richmond.quebec\/en\/wp-json\/wp\/v2\/media?parent=786"}],"curies":[{"name":"wp","href":"https:\/\/api.w.org\/{rel}","templated":true}]}}