{"id":748,"date":"2018-04-09T19:32:40","date_gmt":"2018-04-09T19:32:40","guid":{"rendered":"http:\/\/www.nouveau.ville.richmond.qc.ca\/?page_id=748"},"modified":"2026-05-11T11:28:31","modified_gmt":"2026-05-11T15:28:31","slug":"offres-demploi","status":"publish","type":"page","link":"https:\/\/richmond.quebec\/en\/offres-demploi\/","title":{"rendered":"Job Offers"},"content":{"rendered":"<div id=\"pl-748\"  class=\"panel-layout\" ><div id=\"pg-748-0\"  class=\"panel-grid panel-has-style\" ><div class=\"siteorigin-panels-stretch panel-row-style panel-row-style-for-748-0\" data-stretch-type=\"full-width-stretch\" ><div id=\"pgc-748-0-0\"  class=\"panel-grid-cell\" ><div id=\"panel-748-0-0-0\" class=\"so-panel widget widget_sow-hero panel-first-child panel-last-child\" data-index=\"0\" ><div\n\t\t\t\n\t\t\tclass=\"so-widget-sow-hero so-widget-sow-hero-default-87cc7e7cd7b1-748 so-widget-fittext-wrapper\"\n\t\t\t data-fit-text-compressor=\"0.85\"\n\t\t>\t\t\t\t<div class=\"sow-slider-base\" style=\"display: none\" tabindex=\"0\">\n\t\t\t\t\t<ul\n\t\t\t\t\tclass=\"sow-slider-images\"\n\t\t\t\t\tdata-settings=\"{&quot;pagination&quot;:true,&quot;speed&quot;:800,&quot;timeout&quot;:8000,&quot;paused&quot;:false,&quot;pause_on_hover&quot;:false,&quot;swipe&quot;:true,&quot;nav_always_show_desktop&quot;:&quot;&quot;,&quot;nav_always_show_mobile&quot;:&quot;&quot;,&quot;breakpoint&quot;:&quot;780px&quot;,&quot;unmute&quot;:false,&quot;anchor&quot;:null}\"\n\t\t\t\t\tstyle=\"min-height: 400px\"\t\t\t\t\tdata-anchor-id=\"\"\n\t\t\t\t>\t\t<li class=\"sow-slider-image  sow-slider-image-cover\" style=\"visibility: visible;;background-color: #333333;background-image: url(https:\/\/richmond.quebec\/wp-content\/uploads\/2018\/03\/iStock_000009329788_Medium.jpg)\" >\n\t\t\t\t\t<div class=\"sow-slider-image-container\">\n\t\t\t<div class=\"sow-slider-image-wrapper\">\n\t\t\t\t\t\t\t<\/div>\n\t\t<\/div>\n\t\t\t\t<\/li>\n\t\t<\/ul>\t\t\t\t<ol class=\"sow-slider-pagination\">\n\t\t\t\t\t\t\t\t\t\t\t<li><a href=\"#\" data-goto=\"0\" aria-label=\"Display slide 1\"><\/a><\/li>\n\t\t\t\t\t\t\t\t\t<\/ol>\n\n\t\t\t\t<div class=\"sow-slide-nav sow-slide-nav-next\">\n\t\t\t\t\t<a href=\"#\" data-goto=\"next\" aria-label=\"Next slide\" data-action=\"next\">\n\t\t\t\t\t\t<em class=\"sow-sld-icon-thin-right\"><\/em>\n\t\t\t\t\t<\/a>\n\t\t\t\t<\/div>\n\n\t\t\t\t<div class=\"sow-slide-nav sow-slide-nav-prev\">\n\t\t\t\t\t<a href=\"#\" data-goto=\"previous\" aria-label=\"Previous slide\" data-action=\"prev\">\n\t\t\t\t\t\t<em class=\"sow-sld-icon-thin-left\"><\/em>\n\t\t\t\t\t<\/a>\n\t\t\t\t<\/div>\n\t\t\t\t<\/div><\/div><\/div><\/div><\/div><\/div><div id=\"pg-748-1\"  class=\"panel-grid panel-has-style\" ><div class=\"panel-row-style panel-row-style-for-748-1\" ><div id=\"pgc-748-1-0\"  class=\"panel-grid-cell\" ><div id=\"panel-748-1-0-0\" class=\"so-panel widget widget_sow-editor panel-first-child\" data-index=\"1\" ><div\n\t\t\t\n\t\t\tclass=\"so-widget-sow-editor so-widget-sow-editor-base\"\n\t\t\t\n\t\t>\n<div class=\"siteorigin-widget-tinymce textwidget\">\n\t<div style=\"background-color: #fff; position: absolute; margin-top: -60px; margin-left:-40px; width: 66%; height: 60px; z-index: 1000;\">\u00a0<\/div>\n<\/div>\n<\/div><\/div><div id=\"panel-748-1-0-1\" class=\"so-panel widget widget_sow-headline\" data-index=\"2\" ><div class=\"panel-widget-style panel-widget-style-for-748-1-0-1\" ><div\n\t\t\t\n\t\t\tclass=\"so-widget-sow-headline so-widget-sow-headline-default-05996d5bce95-748\"\n\t\t\t\n\t\t><div class=\"sow-headline-container \">\n\t\t\t\t\t\t\t<h1 class=\"sow-headline\">\n\t\t\t\t\t\tJobs offers\t\t\t\t\t\t<\/h1>\n\t\t\t\t\t\t\t\t\t\t\t<div class=\"decoration\">\n\t\t\t\t\t\t<div class=\"decoration-inside\"><\/div>\n\t\t\t\t\t<\/div>\n\t\t\t\t\t<\/div>\n<\/div><\/div><\/div><div id=\"panel-748-1-0-2\" class=\"so-panel widget widget_sow-editor panel-last-child\" data-index=\"3\" ><div class=\"panel-widget-style panel-widget-style-for-748-1-0-2\" ><div\n\t\t\t\n\t\t\tclass=\"so-widget-sow-editor so-widget-sow-editor-base\"\n\t\t\t\n\t\t>\n<div class=\"siteorigin-widget-tinymce textwidget\">\n\t<p>(Fran\u00e7ais) <\/p>\n<p>Pour \u00eatre inform\u00e9 des postes r\u00e9guliers, saisonniers ou temporaires offerts \u00e0 la Ville de Richmond, veuillez consulter cette section ou les diff\u00e9rents journaux locaux et r\u00e9gionaux circulant dans la municipalit\u00e9.<\/p>\n<p>Pour\u00a0vous inscrire dans notre banque de candidatures, vous devez nous faire parvenir votre curriculum vit\u00e6 par\u00a0<a href=\"mailto:commis@ville.richmond.qc.ca\">courriel<\/a>, par la poste ou \u00e0 la r\u00e9ception de l'h\u00f4tel de ville.<\/p>\n<h3>Offres d'emploi<\/h3>\n<p><a href=\"https:\/\/richmond.quebec\/wp-content\/uploads\/2026\/05\/Charge-de-projet-urbanisme-et-communication-v3.pdf\" target=\"_blank\" rel=\"noopener\">Charg\u00e9.e de projet en urbanisme et communication <\/a>- date limite 29 mai 2026<\/p>\n<h3>Heures d'ouverture<\/h3>\n<p>Du lundi au jeudi, 8 h 30 \u00e0 12 h \/13 h \u00e0 16 h 30 et le vendredi de 8 h 30 \u00e0 12 h<\/p>\n<p><strong>Coordonn\u00e9es<\/strong><\/p>\n<p>H\u00f4tel de ville de Richmond<br \/>\n745, rue Gouin<br \/>\nRichmond (Qu\u00e9bec) J0B 2H0<br \/>\nT\u00e9l. : 819 826-3789<br \/>\nT\u00e9lec. : 819 826-2813<br \/>\nCourriel :\u00a0<a href=\"mailto:admin@richmond.quebec\">admin@richmond.quebec<\/a><\/p><\/p>\n<\/div>\n<\/div><\/div><\/div><\/div><div id=\"pgc-748-1-1\"  class=\"panel-grid-cell\" ><div id=\"panel-748-1-1-0\" class=\"so-panel widget widget_sow-image panel-first-child panel-last-child\" data-index=\"4\" ><div class=\"iw-large panel-widget-style panel-widget-style-for-748-1-1-0\" ><div\n\t\t\t\n\t\t\tclass=\"so-widget-sow-image so-widget-sow-image-default-c67d20f9f743-748\"\n\t\t\t\n\t\t>\n<div class=\"sow-image-container\">\n\t\t<img \n\tsrc=\"https:\/\/richmond.quebec\/wp-content\/uploads\/2018\/03\/blue-icon.svg\" alt=\"\" \t\tclass=\"so-widget-image\"\/>\n\t<\/div>\n\n<\/div><\/div><\/div><\/div><\/div><\/div><div id=\"pg-748-2\"  class=\"panel-grid panel-no-style\" ><div id=\"pgc-748-2-0\"  class=\"panel-grid-cell\" ><div id=\"panel-748-2-0-0\" class=\"so-panel widget widget_sow-editor panel-first-child panel-last-child\" data-index=\"5\" ><div class=\"panel-widget-style panel-widget-style-for-748-2-0-0\" ><div\n\t\t\t\n\t\t\tclass=\"so-widget-sow-editor so-widget-sow-editor-base\"\n\t\t\t\n\t\t>\n<div class=\"siteorigin-widget-tinymce textwidget\">\n\t<\/p>\n<p>&nbsp;<\/p>\n<\/div>\n<\/div><\/div><\/div><\/div><\/div><div id=\"pg-748-3\"  class=\"panel-grid panel-has-style\" ><div class=\"siteorigin-panels-stretch panel-row-style panel-row-style-for-748-3\" data-stretch-type=\"full\" ><div id=\"pgc-748-3-0\"  class=\"panel-grid-cell\" ><div id=\"panel-748-3-0-0\" class=\"so-panel widget widget_sow-editor panel-first-child panel-last-child\" data-index=\"6\" ><div class=\"panel-widget-style panel-widget-style-for-748-3-0-0\" ><div\n\t\t\t\n\t\t\tclass=\"so-widget-sow-editor so-widget-sow-editor-base\"\n\t\t\t\n\t\t>\n<div class=\"siteorigin-widget-tinymce textwidget\">\n\t<\/p>\n<p>&nbsp;<\/p>\n<\/div>\n<\/div><\/div><\/div><\/div><\/div><\/div><\/div>","protected":false},"excerpt":{"rendered":"<p>\u00a0 (Fran\u00e7ais) Pour \u00eatre inform\u00e9 des postes r\u00e9guliers, saisonniers ou temporaires offerts \u00e0 la Ville de Richmond, veuillez consulter cette section ou les diff\u00e9rents journaux locaux et r\u00e9gionaux circulant dans la municipalit\u00e9. Pour\u00a0vous inscrire dans notre banque de candidatures, vous devez nous faire parvenir votre curriculum vit\u00e6 par\u00a0courriel, par la poste ou \u00e0 la r\u00e9ception [&hellip;]<\/p>\n","protected":false},"author":2,"featured_media":0,"parent":0,"menu_order":0,"comment_status":"closed","ping_status":"closed","template":"","meta":{"_monsterinsights_skip_tracking":false,"_monsterinsights_sitenote_active":false,"_monsterinsights_sitenote_note":"","_monsterinsights_sitenote_category":0,"ocean_post_layout":"","ocean_both_sidebars_style":"","ocean_both_sidebars_content_width":0,"ocean_both_sidebars_sidebars_width":0,"ocean_sidebar":"0","ocean_second_sidebar":"0","ocean_disable_margins":"enable","ocean_add_body_class":"","ocean_shortcode_before_top_bar":"","ocean_shortcode_after_top_bar":"","ocean_shortcode_before_header":"","ocean_shortcode_after_header":"","ocean_has_shortcode":"","ocean_shortcode_after_title":"","ocean_shortcode_before_footer_widgets":"","ocean_shortcode_after_footer_widgets":"","ocean_shortcode_before_footer_bottom":"","ocean_shortcode_after_footer_bottom":"","ocean_display_top_bar":"default","ocean_display_header":"default","ocean_header_style":"","ocean_center_header_left_menu":"0","ocean_custom_header_template":"0","ocean_custom_logo":0,"ocean_custom_retina_logo":0,"ocean_custom_logo_max_width":0,"ocean_custom_logo_tablet_max_width":0,"ocean_custom_logo_mobile_max_width":0,"ocean_custom_logo_max_height":0,"ocean_custom_logo_tablet_max_height":0,"ocean_custom_logo_mobile_max_height":0,"ocean_header_custom_menu":"0","ocean_menu_typo_font_family":"0","ocean_menu_typo_font_subset":"","ocean_menu_typo_font_size":0,"ocean_menu_typo_font_size_tablet":0,"ocean_menu_typo_font_size_mobile":0,"ocean_menu_typo_font_size_unit":"px","ocean_menu_typo_font_weight":"","ocean_menu_typo_font_weight_tablet":"","ocean_menu_typo_font_weight_mobile":"","ocean_menu_typo_transform":"","ocean_menu_typo_transform_tablet":"","ocean_menu_typo_transform_mobile":"","ocean_menu_typo_line_height":0,"ocean_menu_typo_line_height_tablet":0,"ocean_menu_typo_line_height_mobile":0,"ocean_menu_typo_line_height_unit":"","ocean_menu_typo_spacing":0,"ocean_menu_typo_spacing_tablet":0,"ocean_menu_typo_spacing_mobile":0,"ocean_menu_typo_spacing_unit":"","ocean_menu_link_color":"","ocean_menu_link_color_hover":"","ocean_menu_link_color_active":"","ocean_menu_link_background":"","ocean_menu_link_hover_background":"","ocean_menu_link_active_background":"","ocean_menu_social_links_bg":"","ocean_menu_social_hover_links_bg":"","ocean_menu_social_links_color":"","ocean_menu_social_hover_links_color":"","ocean_disable_title":"default","ocean_disable_heading":"default","ocean_post_title":"","ocean_post_subheading":"","ocean_post_title_style":"","ocean_post_title_background_color":"","ocean_post_title_background":0,"ocean_post_title_bg_image_position":"","ocean_post_title_bg_image_attachment":"","ocean_post_title_bg_image_repeat":"","ocean_post_title_bg_image_size":"","ocean_post_title_height":0,"ocean_post_title_bg_overlay":0.5,"ocean_post_title_bg_overlay_color":"","ocean_disable_breadcrumbs":"default","ocean_breadcrumbs_color":"","ocean_breadcrumbs_separator_color":"","ocean_breadcrumbs_links_color":"","ocean_breadcrumbs_links_hover_color":"","ocean_display_footer_widgets":"default","ocean_display_footer_bottom":"default","ocean_custom_footer_template":"0","footnotes":""},"class_list":["post-748","page","type-page","status-publish","hentry","entry"],"aioseo_notices":[],"publishpress_future_action":{"enabled":false,"date":"2026-05-21 10:08:11","action":"change-status","newStatus":"draft","terms":[],"taxonomy":"","extraData":[]},"publishpress_future_workflow_manual_trigger":{"enabledWorkflows":[]},"_links":{"self":[{"href":"https:\/\/richmond.quebec\/en\/wp-json\/wp\/v2\/pages\/748","targetHints":{"allow":["GET"]}}],"collection":[{"href":"https:\/\/richmond.quebec\/en\/wp-json\/wp\/v2\/pages"}],"about":[{"href":"https:\/\/richmond.quebec\/en\/wp-json\/wp\/v2\/types\/page"}],"author":[{"embeddable":true,"href":"https:\/\/richmond.quebec\/en\/wp-json\/wp\/v2\/users\/2"}],"replies":[{"embeddable":true,"href":"https:\/\/richmond.quebec\/en\/wp-json\/wp\/v2\/comments?post=748"}],"version-history":[{"count":118,"href":"https:\/\/richmond.quebec\/en\/wp-json\/wp\/v2\/pages\/748\/revisions"}],"predecessor-version":[{"id":6535,"href":"https:\/\/richmond.quebec\/en\/wp-json\/wp\/v2\/pages\/748\/revisions\/6535"}],"wp:attachment":[{"href":"https:\/\/richmond.quebec\/en\/wp-json\/wp\/v2\/media?parent=748"}],"curies":[{"name":"wp","href":"https:\/\/api.w.org\/{rel}","templated":true}]}}