{"id":746,"date":"2018-04-09T19:31:53","date_gmt":"2018-04-09T19:31:53","guid":{"rendered":"http:\/\/www.nouveau.ville.richmond.qc.ca\/?page_id=746"},"modified":"2026-01-23T13:50:38","modified_gmt":"2026-01-23T18:50:38","slug":"medias-et-communiques","status":"publish","type":"page","link":"https:\/\/richmond.quebec\/en\/medias-et-communiques\/","title":{"rendered":"Media et Press releases"},"content":{"rendered":"<div id=\"pl-746\"  class=\"panel-layout\" ><div id=\"pg-746-0\"  class=\"panel-grid panel-has-style\" ><div class=\"siteorigin-panels-stretch panel-row-style panel-row-style-for-746-0\" data-stretch-type=\"full-width-stretch\" ><div id=\"pgc-746-0-0\"  class=\"panel-grid-cell\" ><div id=\"panel-746-0-0-0\" class=\"so-panel widget widget_sow-hero panel-first-child panel-last-child\" data-index=\"0\" ><div\n\t\t\t\n\t\t\tclass=\"so-widget-sow-hero so-widget-sow-hero-default-87cc7e7cd7b1-746 so-widget-fittext-wrapper\"\n\t\t\t data-fit-text-compressor=\"0.85\"\n\t\t>\t\t\t\t<div class=\"sow-slider-base\" style=\"display: none\" tabindex=\"0\">\n\t\t\t\t\t<ul\n\t\t\t\t\tclass=\"sow-slider-images\"\n\t\t\t\t\tdata-settings=\"{&quot;pagination&quot;:true,&quot;speed&quot;:800,&quot;timeout&quot;:8000,&quot;paused&quot;:false,&quot;pause_on_hover&quot;:false,&quot;swipe&quot;:true,&quot;nav_always_show_desktop&quot;:&quot;&quot;,&quot;nav_always_show_mobile&quot;:&quot;&quot;,&quot;breakpoint&quot;:&quot;780px&quot;,&quot;unmute&quot;:false,&quot;anchor&quot;:null}\"\n\t\t\t\t\tstyle=\"min-height: 400px\"\t\t\t\t\tdata-anchor-id=\"\"\n\t\t\t\t>\t\t<li class=\"sow-slider-image  sow-slider-image-cover\" style=\"visibility: visible;;background-color: #333333;background-image: url(https:\/\/richmond.quebec\/wp-content\/uploads\/2018\/03\/iStock_000009329788_Medium.jpg)\" >\n\t\t\t\t\t<div class=\"sow-slider-image-container\">\n\t\t\t<div class=\"sow-slider-image-wrapper\">\n\t\t\t\t\t\t\t<\/div>\n\t\t<\/div>\n\t\t\t\t<\/li>\n\t\t<\/ul>\t\t\t\t<ol class=\"sow-slider-pagination\">\n\t\t\t\t\t\t\t\t\t\t\t<li><a href=\"#\" data-goto=\"0\" aria-label=\"Display slide 1\"><\/a><\/li>\n\t\t\t\t\t\t\t\t\t<\/ol>\n\n\t\t\t\t<div class=\"sow-slide-nav sow-slide-nav-next\">\n\t\t\t\t\t<a href=\"#\" data-goto=\"next\" aria-label=\"Next slide\" data-action=\"next\">\n\t\t\t\t\t\t<em class=\"sow-sld-icon-thin-right\"><\/em>\n\t\t\t\t\t<\/a>\n\t\t\t\t<\/div>\n\n\t\t\t\t<div class=\"sow-slide-nav sow-slide-nav-prev\">\n\t\t\t\t\t<a href=\"#\" data-goto=\"previous\" aria-label=\"Previous slide\" data-action=\"prev\">\n\t\t\t\t\t\t<em class=\"sow-sld-icon-thin-left\"><\/em>\n\t\t\t\t\t<\/a>\n\t\t\t\t<\/div>\n\t\t\t\t<\/div><\/div><\/div><\/div><\/div><\/div><div id=\"pg-746-1\"  class=\"panel-grid panel-has-style\" ><div class=\"panel-row-style panel-row-style-for-746-1\" ><div id=\"pgc-746-1-0\"  class=\"panel-grid-cell\" ><div id=\"panel-746-1-0-0\" class=\"so-panel widget widget_sow-editor panel-first-child\" data-index=\"1\" ><div\n\t\t\t\n\t\t\tclass=\"so-widget-sow-editor so-widget-sow-editor-base\"\n\t\t\t\n\t\t>\n<div class=\"siteorigin-widget-tinymce textwidget\">\n\t<div style=\"background-color: #fff; position: absolute; margin-top: -60px; margin-left:-40px; width: 66%; height: 60px; z-index: 1000;\">\u00a0<\/div>\n<\/div>\n<\/div><\/div><div id=\"panel-746-1-0-1\" class=\"so-panel widget widget_sow-headline\" data-index=\"2\" ><div class=\"panel-widget-style panel-widget-style-for-746-1-0-1\" ><div\n\t\t\t\n\t\t\tclass=\"so-widget-sow-headline so-widget-sow-headline-default-d92940c07788-746\"\n\t\t\t\n\t\t><div class=\"sow-headline-container \">\n\t\t\t\t\t\t\t<h1 class=\"sow-headline\">\n\t\t\t\t\t\tMedias and news release\t\t\t\t\t\t<\/h1>\n\t\t\t\t\t\t\t\t\t\t\t<div class=\"decoration\">\n\t\t\t\t\t\t<div class=\"decoration-inside\"><\/div>\n\t\t\t\t\t<\/div>\n\t\t\t\t\t<\/div>\n<\/div><\/div><\/div><div id=\"panel-746-1-0-2\" class=\"so-panel widget widget_sow-editor panel-last-child\" data-index=\"3\" ><div class=\"panel-widget-style panel-widget-style-for-746-1-0-2\" ><div\n\t\t\t\n\t\t\tclass=\"so-widget-sow-editor so-widget-sow-editor-base\"\n\t\t\t\n\t\t>\n<div class=\"siteorigin-widget-tinymce textwidget\">\n\t<\/p>\n<\/div>\n<\/div><\/div><\/div><\/div><div id=\"pgc-746-1-1\"  class=\"panel-grid-cell\" ><div id=\"panel-746-1-1-0\" class=\"so-panel widget widget_sow-image panel-first-child panel-last-child\" data-index=\"4\" ><div class=\"iw-large panel-widget-style panel-widget-style-for-746-1-1-0\" ><div\n\t\t\t\n\t\t\tclass=\"so-widget-sow-image so-widget-sow-image-default-c67d20f9f743-746\"\n\t\t\t\n\t\t>\n<div class=\"sow-image-container\">\n\t\t<img \n\tsrc=\"https:\/\/richmond.quebec\/wp-content\/uploads\/2018\/03\/blue-icon.svg\" alt=\"\" \t\tclass=\"so-widget-image\"\/>\n\t<\/div>\n\n<\/div><\/div><\/div><\/div><\/div><\/div><div id=\"pg-746-2\"  class=\"panel-grid panel-no-style\" ><div id=\"pgc-746-2-0\"  class=\"panel-grid-cell panel-grid-cell-mobile-last\" ><div id=\"panel-746-2-0-0\" class=\"so-panel widget widget_ink-accordion panel-first-child panel-last-child\" data-index=\"5\" ><div class=\"panel-widget-style panel-widget-style-for-746-2-0-0\" ><div\n\t\t\t\n\t\t\tclass=\"so-widget-ink-accordion so-widget-ink-accordion-accordion-8ba16878dc46-746\"\n\t\t\t\n\t\t>\n<div class=\"iw-so-accordion-plain iw-so-accordion\">\n\n\t\n\t\t<div class=\"iw-so-acc-item\"  id=\"toggle-1-1\">\n\n\t\t\t<a href=\"#\" class=\"iw-so-acc-title iw-text-left\">\n\t\t\t\t2025 - News release\t\t\t\t<span class=\"iw-so-tgl-open\"><span class=\"sow-icon-fontawesome sow-fas\" data-sow-icon=\"&#x2b;\"\n\t\tstyle=\"font-size: 2em; color: left\" \n\t\taria-hidden=\"true\"><\/span><\/span>\n\t\t\t\t<span class=\"iw-so-tgl-close\"><span class=\"sow-icon-fontawesome sow-fas\" data-sow-icon=\"&#xf068;\"\n\t\tstyle=\"font-size: 2em; color: left\" \n\t\taria-hidden=\"true\"><\/span><\/span>\n\t\t\t<\/a>\n\n\t\t\t<div class=\"iw-so-acc-content\">\n\t\t\t\t<p>2025-08-19 - <a href=\"https:\/\/richmond.quebec\/wp-content\/uploads\/2025\/08\/Communique-Signature-nouvelle-convention-collective-2025-08-19.pdf\">Communiqu\u00e9 - La Ville de Richmond renouv\u00e8le la convention collective de ses employ\u00e9s syndiqu\u00e9s<\/a><\/p>\n<p>2025-08-07 - <a href=\"https:\/\/richmond.quebec\/wp-content\/uploads\/2025\/08\/Communique-Partenariat-avec-UQTR-2025-08-01.pdf\" target=\"_blank\" rel=\"noopener\">Communique - La Ville de Richmond collabore avec l'Universit\u00e9 du Qu\u00e9bec \u00e0 Trois-Rivi\u00e8res<\/a><\/p>\n<p>2025-05-09 - <a href=\"https:\/\/richmond.quebec\/wp-content\/uploads\/2025\/08\/Communique-consultation-2025-05-09.pdf\" target=\"_blank\" rel=\"noopener\">Communiqu\u00e9 - Lutte aux changements climatiques - La Ville de Richmond consulte ses citoyens<\/a><\/p>\n<p>2025-05-05 - <a href=\"https:\/\/richmond.quebec\/wp-content\/uploads\/2025\/08\/Communique-journee-environnement-2025-05-05.pdf\" target=\"_blank\" rel=\"noopener\">Communiqu\u00e9 - Journ\u00e9e de l'environnement \u00e0 Richmond - C\u00e9l\u00e9brons notre plan\u00e8te !<\/a><\/p>\n<p>2025-03-06 - <a href=\"https:\/\/richmond.quebec\/wp-content\/uploads\/2025\/08\/Communique-PEPPSEP-2025-03-06.pdf\">Communiqu\u00e9 - Subvention pour la r\u00e9alisation du Plan de protection des sources d'eau potable<\/a><\/p>\n\t\t\t<\/div>\n\n\t\t<\/div>\n\n\t\t\n\t\n\t\t<div class=\"iw-so-acc-item\"  id=\"toggle-1-2\">\n\n\t\t\t<a href=\"#\" class=\"iw-so-acc-title iw-text-left\">\n\t\t\t\t2024 - News release\t\t\t\t<span class=\"iw-so-tgl-open\"><span class=\"sow-icon-fontawesome sow-fas\" data-sow-icon=\"&#x2b;\"\n\t\tstyle=\"font-size: 2em; color: left\" \n\t\taria-hidden=\"true\"><\/span><\/span>\n\t\t\t\t<span class=\"iw-so-tgl-close\"><span class=\"sow-icon-fontawesome sow-fas\" data-sow-icon=\"&#xf068;\"\n\t\tstyle=\"font-size: 2em; color: left\" \n\t\taria-hidden=\"true\"><\/span><\/span>\n\t\t\t<\/a>\n\n\t\t\t<div class=\"iw-so-acc-content\">\n\t\t\t\t<p>2024-09-30 - <a href=\"https:\/\/richmond.quebec\/wp-content\/uploads\/2025\/08\/Communique-election-partielle-resultats-2024-09-30.pdf\" target=\"_blank\" rel=\"noopener\">\u00c9lection partielle \u00e0 Richmond - Nouveau conseiller municipal au district 5<\/a><\/p>\n<p>2024-09-23 - <a href=\"https:\/\/richmond.quebec\/wp-content\/uploads\/2025\/08\/Communique-abattage-darbres-2024-09-23.pdf\" target=\"_blank\" rel=\"noopener\">Des peines plus s\u00e9v\u00e8res pour l'abattage ill\u00e9gale d'arbres<\/a><\/p>\n<p>2024-09-11 - <a href=\"https:\/\/richmond.quebec\/wp-content\/uploads\/2025\/08\/Communique-collecte-RDD-2024-09-11.pdf\" target=\"_blank\" rel=\"noopener\">Premi\u00e8re collecte de RDD pour les r\u00e9sidents de la grande r\u00e9gion de Richmond<\/a><\/p>\n<p>2024-08-13 - <a href=\"https:\/\/richmond.quebec\/wp-content\/uploads\/2025\/08\/Communique-election-partielle-2024-08-30.pdf\" target=\"_blank\" rel=\"noopener\">\u00c0 la suite du d\u00e9c\u00e8s du conseiller Andr\u00e9 Bussi\u00e8re - Une \u00e9lection partielle dans le district 5 \u00e0 Richmond<\/a><\/p>\n<p>2024-08-09 -\u00a0<a href=\"https:\/\/richmond.quebec\/wp-content\/uploads\/2025\/08\/Communique-pompe-puits-2024-08-09.pdf\" target=\"_blank\" rel=\"noopener\">Probl\u00e8me d'eau potable \u00e0 Richmond - la nouvelle pompe est enfin livr\u00e9e<\/a><\/p>\n<p>2024-08-06 - <a href=\"https:\/\/richmond.quebec\/wp-content\/uploads\/2025\/08\/Communique-collecte-RDD-2024-09-11.pdf\">Communiqu\u00e9 - collecte RDD - 2024-09-11<\/a> <a href=\"https:\/\/richmond.quebec\/wp-content\/uploads\/2025\/08\/Communique-collecte-RDD-2024-08-06.pdf\" target=\"_blank\" rel=\"noopener\">Communiqu\u00e9 - collecte RDD - 2024-08-06<\/a><\/p>\n<p>2024-02-08 - <a href=\"https:\/\/www.richmond.quebec\/wp-content\/uploads\/2024\/02\/Communique-presentation-PPU-2024-02-09.pdf\" target=\"_blank\" rel=\"noopener\">Consultation sur le projet du programme particulier d'urbanisme pour le centre-ville<\/a><\/p>\n\t\t\t<\/div>\n\n\t\t<\/div>\n\n\t\t\n\t\n<\/div>\n<\/div><\/div><\/div><\/div><div id=\"pgc-746-2-1\"  class=\"panel-grid-cell panel-grid-cell-empty\" ><\/div><\/div><div id=\"pg-746-3\"  class=\"panel-grid panel-no-style\" ><div id=\"pgc-746-3-0\"  class=\"panel-grid-cell\" ><div id=\"panel-746-3-0-0\" class=\"so-panel widget widget_sow-editor panel-first-child panel-last-child\" data-index=\"6\" ><div class=\"panel-widget-style panel-widget-style-for-746-3-0-0\" ><div\n\t\t\t\n\t\t\tclass=\"so-widget-sow-editor so-widget-sow-editor-base\"\n\t\t\t\n\t\t>\n<div class=\"siteorigin-widget-tinymce textwidget\">\n\t<\/p>\n<p>&nbsp;<\/p>\n<\/div>\n<\/div><\/div><\/div><\/div><\/div><div id=\"pg-746-4\"  class=\"panel-grid panel-has-style\" ><div class=\"siteorigin-panels-stretch panel-row-style panel-row-style-for-746-4\" data-stretch-type=\"full\" ><div id=\"pgc-746-4-0\"  class=\"panel-grid-cell\" ><div id=\"panel-746-4-0-0\" class=\"so-panel widget widget_sow-editor panel-first-child panel-last-child\" data-index=\"7\" ><div class=\"panel-widget-style panel-widget-style-for-746-4-0-0\" ><div\n\t\t\t\n\t\t\tclass=\"so-widget-sow-editor so-widget-sow-editor-base\"\n\t\t\t\n\t\t>\n<div class=\"siteorigin-widget-tinymce textwidget\">\n\t<\/p>\n<p>&nbsp;<\/p>\n<\/div>\n<\/div><\/div><\/div><\/div><\/div><\/div><\/div>","protected":false},"excerpt":{"rendered":"<p>\u00a0<\/p>\n","protected":false},"author":2,"featured_media":0,"parent":0,"menu_order":0,"comment_status":"closed","ping_status":"closed","template":"","meta":{"_monsterinsights_skip_tracking":false,"_monsterinsights_sitenote_active":false,"_monsterinsights_sitenote_note":"","_monsterinsights_sitenote_category":0,"ocean_post_layout":"","ocean_both_sidebars_style":"","ocean_both_sidebars_content_width":0,"ocean_both_sidebars_sidebars_width":0,"ocean_sidebar":"0","ocean_second_sidebar":"0","ocean_disable_margins":"enable","ocean_add_body_class":"","ocean_shortcode_before_top_bar":"","ocean_shortcode_after_top_bar":"","ocean_shortcode_before_header":"","ocean_shortcode_after_header":"","ocean_has_shortcode":"","ocean_shortcode_after_title":"","ocean_shortcode_before_footer_widgets":"","ocean_shortcode_after_footer_widgets":"","ocean_shortcode_before_footer_bottom":"","ocean_shortcode_after_footer_bottom":"","ocean_display_top_bar":"default","ocean_display_header":"default","ocean_header_style":"","ocean_center_header_left_menu":"0","ocean_custom_header_template":"0","ocean_custom_logo":0,"ocean_custom_retina_logo":0,"ocean_custom_logo_max_width":0,"ocean_custom_logo_tablet_max_width":0,"ocean_custom_logo_mobile_max_width":0,"ocean_custom_logo_max_height":0,"ocean_custom_logo_tablet_max_height":0,"ocean_custom_logo_mobile_max_height":0,"ocean_header_custom_menu":"0","ocean_menu_typo_font_family":"0","ocean_menu_typo_font_subset":"","ocean_menu_typo_font_size":0,"ocean_menu_typo_font_size_tablet":0,"ocean_menu_typo_font_size_mobile":0,"ocean_menu_typo_font_size_unit":"px","ocean_menu_typo_font_weight":"","ocean_menu_typo_font_weight_tablet":"","ocean_menu_typo_font_weight_mobile":"","ocean_menu_typo_transform":"","ocean_menu_typo_transform_tablet":"","ocean_menu_typo_transform_mobile":"","ocean_menu_typo_line_height":0,"ocean_menu_typo_line_height_tablet":0,"ocean_menu_typo_line_height_mobile":0,"ocean_menu_typo_line_height_unit":"","ocean_menu_typo_spacing":0,"ocean_menu_typo_spacing_tablet":0,"ocean_menu_typo_spacing_mobile":0,"ocean_menu_typo_spacing_unit":"","ocean_menu_link_color":"","ocean_menu_link_color_hover":"","ocean_menu_link_color_active":"","ocean_menu_link_background":"","ocean_menu_link_hover_background":"","ocean_menu_link_active_background":"","ocean_menu_social_links_bg":"","ocean_menu_social_hover_links_bg":"","ocean_menu_social_links_color":"","ocean_menu_social_hover_links_color":"","ocean_disable_title":"default","ocean_disable_heading":"default","ocean_post_title":"","ocean_post_subheading":"","ocean_post_title_style":"","ocean_post_title_background_color":"","ocean_post_title_background":0,"ocean_post_title_bg_image_position":"","ocean_post_title_bg_image_attachment":"","ocean_post_title_bg_image_repeat":"","ocean_post_title_bg_image_size":"","ocean_post_title_height":0,"ocean_post_title_bg_overlay":0.5,"ocean_post_title_bg_overlay_color":"","ocean_disable_breadcrumbs":"default","ocean_breadcrumbs_color":"","ocean_breadcrumbs_separator_color":"","ocean_breadcrumbs_links_color":"","ocean_breadcrumbs_links_hover_color":"","ocean_display_footer_widgets":"default","ocean_display_footer_bottom":"default","ocean_custom_footer_template":"0","footnotes":""},"class_list":["post-746","page","type-page","status-publish","hentry","entry"],"aioseo_notices":[],"publishpress_future_action":{"enabled":false,"date":"2026-05-07 23:01:48","action":"change-status","newStatus":"draft","terms":[],"taxonomy":"","extraData":[]},"publishpress_future_workflow_manual_trigger":{"enabledWorkflows":[]},"_links":{"self":[{"href":"https:\/\/richmond.quebec\/en\/wp-json\/wp\/v2\/pages\/746","targetHints":{"allow":["GET"]}}],"collection":[{"href":"https:\/\/richmond.quebec\/en\/wp-json\/wp\/v2\/pages"}],"about":[{"href":"https:\/\/richmond.quebec\/en\/wp-json\/wp\/v2\/types\/page"}],"author":[{"embeddable":true,"href":"https:\/\/richmond.quebec\/en\/wp-json\/wp\/v2\/users\/2"}],"replies":[{"embeddable":true,"href":"https:\/\/richmond.quebec\/en\/wp-json\/wp\/v2\/comments?post=746"}],"version-history":[{"count":59,"href":"https:\/\/richmond.quebec\/en\/wp-json\/wp\/v2\/pages\/746\/revisions"}],"predecessor-version":[{"id":6392,"href":"https:\/\/richmond.quebec\/en\/wp-json\/wp\/v2\/pages\/746\/revisions\/6392"}],"wp:attachment":[{"href":"https:\/\/richmond.quebec\/en\/wp-json\/wp\/v2\/media?parent=746"}],"curies":[{"name":"wp","href":"https:\/\/api.w.org\/{rel}","templated":true}]}}