{"id":2534,"date":"2023-10-24T10:16:32","date_gmt":"2023-10-24T14:16:32","guid":{"rendered":"http:\/\/www.ville.richmond.qc.ca\/?page_id=2534"},"modified":"2023-10-24T10:25:15","modified_gmt":"2023-10-24T14:25:15","slug":"formulaire-demande-permis","status":"publish","type":"page","link":"https:\/\/richmond.quebec\/en\/formulaire-demande-permis\/","title":{"rendered":"Permit and certificate of authorization application form (french only)"},"content":{"rendered":"<div id=\"pl-2534\"  class=\"panel-layout\" ><div id=\"pg-2534-0\"  class=\"panel-grid panel-has-style\" ><div class=\"panel-row-style panel-row-style-for-2534-0\" ><div id=\"pgc-2534-0-0\"  class=\"panel-grid-cell\" ><div id=\"panel-2534-0-0-0\" class=\"so-panel widget widget_sow-editor panel-first-child panel-last-child\" data-index=\"0\" ><div\n\t\t\t\n\t\t\tclass=\"so-widget-sow-editor so-widget-sow-editor-base\"\n\t\t\t\n\t\t>\n<div class=\"siteorigin-widget-tinymce textwidget\">\n\t<\/div>\n<\/div><\/div><\/div><\/div><\/div><div id=\"pg-2534-1\"  class=\"panel-grid panel-has-style\" ><div class=\"siteorigin-panels-stretch panel-row-style panel-row-style-for-2534-1\" data-stretch-type=\"full-stretched\" ><div id=\"pgc-2534-1-0\"  class=\"panel-grid-cell\" ><div id=\"panel-2534-1-0-0\" class=\"so-panel widget widget_sow-hero panel-first-child panel-last-child\" data-index=\"1\" ><div\n\t\t\t\n\t\t\tclass=\"so-widget-sow-hero so-widget-sow-hero-default-87cc7e7cd7b1-2534 so-widget-fittext-wrapper\"\n\t\t\t data-fit-text-compressor=\"0.85\"\n\t\t>\t\t\t\t<div class=\"sow-slider-base\" style=\"display: none\" tabindex=\"0\">\n\t\t\t\t\t<ul\n\t\t\t\t\tclass=\"sow-slider-images\"\n\t\t\t\t\tdata-settings=\"{&quot;pagination&quot;:true,&quot;speed&quot;:800,&quot;timeout&quot;:8000,&quot;paused&quot;:false,&quot;pause_on_hover&quot;:false,&quot;swipe&quot;:true,&quot;nav_always_show_desktop&quot;:&quot;&quot;,&quot;nav_always_show_mobile&quot;:&quot;&quot;,&quot;breakpoint&quot;:&quot;780px&quot;,&quot;unmute&quot;:false,&quot;anchor&quot;:null}\"\n\t\t\t\t\tstyle=\"min-height: 400px\"\t\t\t\t\tdata-anchor-id=\"\"\n\t\t\t\t>\t\t<li class=\"sow-slider-image  sow-slider-image-cover\" style=\"visibility: visible;;background-color: #333333;background-image: url(https:\/\/richmond.quebec\/wp-content\/uploads\/2020\/01\/Ville001.jpg)\" >\n\t\t\t\t\t<div class=\"sow-slider-image-container\">\n\t\t\t<div class=\"sow-slider-image-wrapper\">\n\t\t\t\t\t\t\t<\/div>\n\t\t<\/div>\n\t\t\t\t<\/li>\n\t\t<\/ul>\t\t\t\t<ol class=\"sow-slider-pagination\">\n\t\t\t\t\t\t\t\t\t\t\t<li><a href=\"#\" data-goto=\"0\" aria-label=\"Display slide 1\"><\/a><\/li>\n\t\t\t\t\t\t\t\t\t<\/ol>\n\n\t\t\t\t<div class=\"sow-slide-nav sow-slide-nav-next\">\n\t\t\t\t\t<a href=\"#\" data-goto=\"next\" aria-label=\"Next slide\" data-action=\"next\">\n\t\t\t\t\t\t<em class=\"sow-sld-icon-thin-right\"><\/em>\n\t\t\t\t\t<\/a>\n\t\t\t\t<\/div>\n\n\t\t\t\t<div class=\"sow-slide-nav sow-slide-nav-prev\">\n\t\t\t\t\t<a href=\"#\" data-goto=\"previous\" aria-label=\"Previous slide\" data-action=\"prev\">\n\t\t\t\t\t\t<em class=\"sow-sld-icon-thin-left\"><\/em>\n\t\t\t\t\t<\/a>\n\t\t\t\t<\/div>\n\t\t\t\t<\/div><\/div><\/div><\/div><\/div><\/div><div id=\"pg-2534-2\"  class=\"panel-grid panel-has-style\" ><div class=\"panel-row-style panel-row-style-for-2534-2\" ><div id=\"pgc-2534-2-0\"  class=\"panel-grid-cell\" ><div id=\"panel-2534-2-0-0\" class=\"so-panel widget widget_sow-editor panel-first-child\" data-index=\"2\" ><div\n\t\t\t\n\t\t\tclass=\"so-widget-sow-editor so-widget-sow-editor-base\"\n\t\t\t\n\t\t>\n<div class=\"siteorigin-widget-tinymce textwidget\">\n\t<div style=\"background-color: #fff; position: absolute; margin-top: -60px; margin-left:-40px; width: 66%; height: 60px; z-index: 1000;\">\u00a0<\/div>\n<\/div>\n<\/div><\/div><div id=\"panel-2534-2-0-1\" class=\"so-panel widget widget_sow-headline\" data-index=\"3\" ><div class=\"panel-widget-style panel-widget-style-for-2534-2-0-1\" ><div\n\t\t\t\n\t\t\tclass=\"so-widget-sow-headline so-widget-sow-headline-default-d92940c07788-2534\"\n\t\t\t\n\t\t><div class=\"sow-headline-container \">\n\t\t\t\t\t\t\t<h1 class=\"sow-headline\">\n\t\t\t\t\t\tFormulaire de demande de permis et de certificat d'autorisation\t\t\t\t\t\t<\/h1>\n\t\t\t\t\t\t\t\t\t\t\t<div class=\"decoration\">\n\t\t\t\t\t\t<div class=\"decoration-inside\"><\/div>\n\t\t\t\t\t<\/div>\n\t\t\t\t\t<\/div>\n<\/div><\/div><\/div><div id=\"panel-2534-2-0-2\" class=\"so-panel widget widget_sow-editor panel-last-child\" data-index=\"4\" ><div class=\"panel-widget-style panel-widget-style-for-2534-2-0-2\" ><div\n\t\t\t\n\t\t\tclass=\"so-widget-sow-editor so-widget-sow-editor-base\"\n\t\t\t\n\t\t>\n<div class=\"siteorigin-widget-tinymce textwidget\">\n\t<div class=\"frm_forms  with_frm_style frm_style_style-formidable\" id=\"frm_form_5_container\" >\n<form enctype=\"multipart\/form-data\" method=\"post\" class=\"frm-show-form \" id=\"form_c4qvt\" >\n<div class=\"frm_form_fields \">\n<fieldset>\n<legend class=\"frm_screen_reader\">Demande de permis et de certificat d'autorisation<\/legend>\r\n\r\n<div class=\"frm_fields_container\">\n<input type=\"hidden\" name=\"frm_action\" value=\"create\" \/>\n<input type=\"hidden\" name=\"form_id\" value=\"5\" \/>\n<input type=\"hidden\" name=\"frm_hide_fields_5\" id=\"frm_hide_fields_5\" value=\"\" \/>\n<input type=\"hidden\" name=\"form_key\" value=\"c4qvt\" \/>\n<input type=\"hidden\" name=\"item_meta[0]\" value=\"\" \/>\n<input type=\"hidden\" id=\"frm_submit_entry_5\" name=\"frm_submit_entry_5\" value=\"abace6df78\" \/><input type=\"hidden\" name=\"_wp_http_referer\" value=\"\/en\/wp-json\/wp\/v2\/pages\/2534\" \/><div id=\"frm_field_27_container\" class=\"frm_form_field form-field  frm_top_container\">\r\n    <label for=\"field_u8lvq\" class=\"frm_primary_label\">Date\r\n        <span class=\"frm_required\"><\/span>\r\n    <\/label>\r\n    <input type=\"text\" id=\"field_u8lvq\" name=\"item_meta[27]\" value=\"\"  data-invmsg=\"texte est non valide\" aria-invalid=\"false\"  \/>\r\n    \r\n    \r\n<\/div>\n<div id=\"frm_field_28_container\" class=\"frm_form_field form-field  frm_top_container frm_half\">\r\n    <label for=\"field_6ysv9\" class=\"frm_primary_label\">Nom complet du demandeur\r\n        <span class=\"frm_required\"><\/span>\r\n    <\/label>\r\n    <input type=\"text\" id=\"field_6ysv9\" name=\"item_meta[28]\" value=\"\"  data-invmsg=\"texte est non valide\" aria-invalid=\"false\"  \/>\r\n    \r\n    \r\n<\/div>\n<div id=\"frm_field_42_container\" class=\"frm_form_field form-field  frm_top_container frm_half\">\r\n    <label for=\"field_upmrb\" class=\"frm_primary_label\">Nom de la personne qui fait la demande\r\n        <span class=\"frm_required\"><\/span>\r\n    <\/label>\r\n    <input type=\"text\" id=\"field_upmrb\" name=\"item_meta[42]\" value=\"\"  data-invmsg=\"texte est non valide\" aria-invalid=\"false\"  \/>\r\n    \r\n    \r\n<\/div>\n<div id=\"frm_field_29_container\" class=\"frm_form_field form-field  frm_top_container\">\r\n    <label for=\"field_w58ky\" class=\"frm_primary_label\">T\u00e9l\u00e9phone\r\n        <span class=\"frm_required\"><\/span>\r\n    <\/label>\r\n    <input type=\"tel\" id=\"field_w58ky\" name=\"item_meta[29]\" value=\"\"  data-invmsg=\"Phone est non valide\" aria-invalid=\"false\" pattern=\"((\\+\\d{1,3}(-|.| )?\\(?\\d\\)?(-| |.)?\\d{1,5})|(\\(?\\d{2,6}\\)?))(-|.| )?(\\d{3,4})(-|.| )?(\\d{4})(( x| ext)\\d{1,5}){0,1}$\"  \/>\r\n    \r\n    \r\n<\/div>\n<div id=\"frm_field_30_container\" class=\"frm_form_field form-field  frm_top_container\">\r\n    <label for=\"field_ca0zt\" class=\"frm_primary_label\">Courriel\r\n        <span class=\"frm_required\"><\/span>\r\n    <\/label>\r\n    <input type=\"email\" id=\"field_ca0zt\" name=\"item_meta[30]\" value=\"\"  data-invmsg=\"E-mail est non valide\" aria-invalid=\"false\"  \/>\r\n    \r\n    \r\n<\/div>\n<div id=\"frm_field_31_container\" class=\"frm_form_field form-field  frm_top_container\">\r\n    <label for=\"field_h9bsd\" class=\"frm_primary_label\">Adresse des travaux\r\n        <span class=\"frm_required\"><\/span>\r\n    <\/label>\r\n    <input type=\"text\" id=\"field_h9bsd\" name=\"item_meta[31]\" value=\"\"  data-invmsg=\"texte est non valide\" aria-invalid=\"false\"  \/>\r\n    \r\n    \r\n<\/div>\n<div id=\"frm_field_32_container\" class=\"frm_form_field form-field  frm_top_container\">\r\n    <label for=\"field_9ltk0\" class=\"frm_primary_label\">Code Postal\r\n        <span class=\"frm_required\"><\/span>\r\n    <\/label>\r\n    <input type=\"text\" id=\"field_9ltk0\" name=\"item_meta[32]\" value=\"\"  data-invmsg=\"texte est non valide\" aria-invalid=\"false\" pattern=\"[A-Z]\\d[A-Z] \\d[A-Z]\\d$\"  \/>\r\n    \r\n    \r\n<\/div>\n<div id=\"frm_field_34_container\" class=\"frm_form_field form-field  frm_top_container\">\r\n    <label for=\"field_jvb5v\" class=\"frm_primary_label\">Matricule\r\n        <span class=\"frm_required\"><\/span>\r\n    <\/label>\r\n    <input type=\"number\" id=\"field_jvb5v\" name=\"item_meta[34]\" value=\"\"  data-invmsg=\"Nombre est non valide\" aria-invalid=\"false\"   min=\"0\" max=\"9999999999\" step=\"any\"\/>\r\n    \r\n    \r\n<\/div>\n<div id=\"frm_field_33_container\" class=\"frm_form_field form-field  frm_top_container\">\r\n    <label for=\"field_7t742\" class=\"frm_primary_label\">Num\u00e9ro de lot\r\n        <span class=\"frm_required\"><\/span>\r\n    <\/label>\r\n    <input type=\"number\" id=\"field_7t742\" name=\"item_meta[33]\" value=\"\"  data-invmsg=\"Nombre est non valide\" aria-invalid=\"false\"   min=\"0\" max=\"9999999\" step=\"any\"\/>\r\n    \r\n    \r\n<\/div>\n<div id=\"frm_field_46_container\" class=\"frm_form_field form-field  frm_top_container\">\r\n    <label for=\"field_itica\" class=\"frm_primary_label\">Type de b\u00e2timent\r\n        <span class=\"frm_required\"><\/span>\r\n    <\/label>\r\n    \t\t<select name=\"item_meta[46]\" id=\"field_itica\"  data-frmval=\"Habitation unifamiliale\" data-invmsg=\"Type de b\u00e2timent is invalid\" aria-invalid=\"false\"  >\n\t\t<option  value=\"Habitation unifamiliale\" selected='selected'>Habitation unifamiliale<\/option><option  value=\"Habitation bifamiliale\">Habitation bifamiliale<\/option><option  value=\"Habitation multifamiliale\">Habitation multifamiliale<\/option><option  value=\"Maison mobile\">Maison mobile<\/option><option  value=\"Chalet\">Chalet<\/option><option  value=\"Commerce\">Commerce<\/option><option  value=\"Industrie\">Industrie<\/option><option  value=\"Services\">Services<\/option><option  value=\"Exploitation agricole\">Exploitation agricole<\/option><option  value=\"Autres\">Autres<\/option>\t<\/select>\n\t\r\n    \r\n    \r\n<\/div>\n<div id=\"frm_field_47_container\" class=\"frm_form_field form-field  frm_top_container\">\r\n    <label for=\"field_g7nlb\" class=\"frm_primary_label\">Si vous avez r\u00e9pondu \"autres\", veuillez pr\u00e9ciser:\r\n        <span class=\"frm_required\"><\/span>\r\n    <\/label>\r\n    <input type=\"text\" id=\"field_g7nlb\" name=\"item_meta[47]\" value=\"\"  data-invmsg=\"texte est non valide\" aria-invalid=\"false\"  \/>\r\n    \r\n    \r\n<\/div>\n<div id=\"frm_field_36_container\" class=\"frm_form_field form-field  frm_top_container\">\r\n    <label for=\"field_jto8j\" class=\"frm_primary_label\">Type de travaux\r\n        <span class=\"frm_required\"><\/span>\r\n    <\/label>\r\n    \t\t<select name=\"item_meta[36]\" id=\"field_jto8j\"  data-frmval=\"Construction, agrandissement\" data-invmsg=\"Type de travaux is invalid\" aria-invalid=\"false\"  >\n\t\t<option  value=\"Construction, agrandissement\" selected='selected'>Construction, agrandissement<\/option><option  value=\"Addition d&#039;un b\u00e2timent principal\">Addition d&#039;un b\u00e2timent principal<\/option><option  value=\"D\u00e9placement d&#039;une structure\">D\u00e9placement d&#039;une structure<\/option><option  value=\"Construction, agrandissement ou addition d&#039;un b\u00e2timent accessoire\">Construction, agrandissement ou addition d&#039;un b\u00e2timent accessoire<\/option><option  value=\"Lotissement d&#039;un terrain\">Lotissement d&#039;un terrain<\/option><option  value=\"Installation septique\">Installation septique<\/option><option  value=\"Changement d&#039;usage\">Changement d&#039;usage<\/option><option  value=\"D\u00e9molition d&#039;un b\u00e2timent\">D\u00e9molition d&#039;un b\u00e2timent<\/option><option  value=\"Affichage\">Affichage<\/option><option  value=\"Am\u00e9nagement d&#039;un terrain\">Am\u00e9nagement d&#039;un terrain<\/option><option  value=\"R\u00e9paration d&#039;un b\u00e2timent\">R\u00e9paration d&#039;un b\u00e2timent<\/option><option  value=\"Captage des eaux souterraines\">Captage des eaux souterraines<\/option><option  value=\"Usage compl\u00e9mentaire\">Usage compl\u00e9mentaire<\/option><option  value=\"Autres\">Autres<\/option>\t<\/select>\n\t\r\n    \r\n    \r\n<\/div>\n<div id=\"frm_field_48_container\" class=\"frm_form_field form-field  frm_top_container\">\r\n    <label for=\"field_q4wka\" class=\"frm_primary_label\">Si vous avez r\u00e9pondu \"autres\", veuillez pr\u00e9ciser:\r\n        <span class=\"frm_required\"><\/span>\r\n    <\/label>\r\n    <input type=\"text\" id=\"field_q4wka\" name=\"item_meta[48]\" value=\"\"  data-invmsg=\"texte est non valide\" aria-invalid=\"false\"  \/>\r\n    \r\n    \r\n<\/div>\n<div id=\"frm_field_37_container\" class=\"frm_form_field form-field  frm_top_container\">\r\n    <label for=\"field_c684z\" class=\"frm_primary_label\">Description des travaux\r\n        <span class=\"frm_required\"><\/span>\r\n    <\/label>\r\n    <input type=\"text\" id=\"field_c684z\" name=\"item_meta[37]\" value=\"\"  data-invmsg=\"texte est non valide\" aria-invalid=\"false\"  \/>\r\n    \r\n    \r\n<\/div>\n<div id=\"frm_field_38_container\" class=\"frm_form_field form-field  frm_top_container\">\r\n    <label for=\"field_pjxjw\" class=\"frm_primary_label\">Date d\u00e9but des travaux\r\n        <span class=\"frm_required\"><\/span>\r\n    <\/label>\r\n    <input type=\"text\" id=\"field_pjxjw\" name=\"item_meta[38]\" value=\"\"  data-invmsg=\"texte est non valide\" aria-invalid=\"false\"  \/>\r\n    \r\n    \r\n<\/div>\n<div id=\"frm_field_39_container\" class=\"frm_form_field form-field  frm_top_container\">\r\n    <label for=\"field_cswpf\" class=\"frm_primary_label\">Date fin des travaux\r\n        <span class=\"frm_required\"><\/span>\r\n    <\/label>\r\n    <input type=\"text\" id=\"field_cswpf\" name=\"item_meta[39]\" value=\"\"  data-invmsg=\"texte est non valide\" aria-invalid=\"false\"  \/>\r\n    \r\n    \r\n<\/div>\n<div id=\"frm_field_40_container\" class=\"frm_form_field form-field  frm_top_container\">\r\n    <label for=\"field_9p01q\" class=\"frm_primary_label\">Co\u00fbt estim\u00e9 des travaux\r\n        <span class=\"frm_required\"><\/span>\r\n    <\/label>\r\n    <input type=\"number\" id=\"field_9p01q\" name=\"item_meta[40]\" value=\"\"  data-invmsg=\"Nombre est non valide\" aria-invalid=\"false\"   min=\"0\" max=\"9999999\" step=\"any\"\/>\r\n    \r\n    \r\n<\/div>\n<div id=\"frm_field_41_container\" class=\"frm_form_field form-field  frm_top_container\">\r\n    <label for=\"field_3llo4\" class=\"frm_primary_label\">Nom du contracteur et num\u00e9ro de t\u00e9l\u00e9phone\r\n        <span class=\"frm_required\"><\/span>\r\n    <\/label>\r\n    <input type=\"text\" id=\"field_3llo4\" name=\"item_meta[41]\" value=\"\"  data-invmsg=\"texte est non valide\" aria-invalid=\"false\"  \/>\r\n    \r\n    \r\n<\/div>\n<div id=\"frm_field_43_container\" class=\"frm_form_field form-field  frm_top_container vertical_radio\">\r\n    <label for=\"field_fhjyf\" class=\"frm_primary_label\">Langue parl\u00e9e\r\n        <span class=\"frm_required\"><\/span>\r\n    <\/label>\r\n    <div class=\"frm_opt_container\">\t\t<div class=\"frm_radio\" id=\"frm_radio_43-0\">\t\t\t<label  for=\"field_fhjyf-0\">\n\t\t\t\t\t<input type=\"radio\" name=\"item_meta[43]\" id=\"field_fhjyf-0\" value=\"Fran\u00e7ais\"\n\t\t data-invmsg=\"Langue parl\u00e9e is invalid\"   \/> Fran\u00e7ais<\/label><\/div>\n\t\t<div class=\"frm_radio\" id=\"frm_radio_43-1\">\t\t\t<label  for=\"field_fhjyf-1\">\n\t\t\t\t\t<input type=\"radio\" name=\"item_meta[43]\" id=\"field_fhjyf-1\" value=\"English\"\n\t\t data-invmsg=\"Langue parl\u00e9e is invalid\"   \/> English<\/label><\/div>\n<\/div>\r\n    \r\n    \r\n<\/div>\n<div id=\"frm_field_44_container\" class=\"frm_form_field form-field  frm_top_container vertical_radio\">\r\n    <label for=\"field_5lmbt\" class=\"frm_primary_label\"> \r\n        <span class=\"frm_required\"><\/span>\r\n    <\/label>\r\n    <div class=\"frm_opt_container\">\t\t<div class=\"frm_checkbox\" id=\"frm_checkbox_44-0\">\t\t\t<label  for=\"field_5lmbt-0\">\n\t\t\t<input type=\"checkbox\" name=\"item_meta[44][]\" id=\"field_5lmbt-0\" value=\"Pi\u00e8ce \u00e0 joindre\"  data-invmsg=\"  is invalid\"   \/> Pi\u00e8ce \u00e0 joindre<\/label><\/div>\n<\/div>\r\n    <div class=\"frm_description\" id=\"frm_desc_field_5lmbt\">Cochez la case si vous avez des pi\u00e8ces jointes \u00e0 remettre en plus de ce formulaire.  (Si oui, veuillez les acheminer en main propre \u00e0 l'inspecteur municipal ou par courriel \u00e0 l'adresse inspecteur@ville.richmond.qc.ca. Pour ce faire, nommez le dossier \u00e0 votre nom en y indiquant l'adresse des travaux.)<\/div>\r\n    \r\n<\/div>\n<div id=\"frm_field_45_container\" class=\"frm_form_field form-field  frm_top_container vertical_radio\">\r\n    <label for=\"field_1nbsy\" class=\"frm_primary_label\"> \r\n        <span class=\"frm_required\"><\/span>\r\n    <\/label>\r\n    <div class=\"frm_opt_container\">\t\t<div class=\"frm_checkbox\" id=\"frm_checkbox_45-0\">\t\t\t<label  for=\"field_1nbsy-0\">\n\t\t\t<input type=\"checkbox\" name=\"item_meta[45][]\" id=\"field_1nbsy-0\" value=\"Je d\u00e9clare que les renseignements donn\u00e9s ci-dessus sont complets et exacts et que je me conformerai aux conditions du permis, s&#039;il m&#039;est accord\u00e9, de m\u00eame qu&#039;aux lois et r\u00e8glements pouvant s&#039;y rapporter*.\"  data-invmsg=\"  is invalid\"   \/> Je d\u00e9clare que les renseignements donn\u00e9s ci-dessus sont complets et exacts et que je me conformerai aux conditions du permis, s'il m'est accord\u00e9, de m\u00eame qu'aux lois et r\u00e8glements pouvant s'y rapporter*.<\/label><\/div>\n<\/div>\r\n    \r\n    \r\n<\/div>\n<div id=\"frm_field_63_container\" class=\"frm_form_field form-field \">\n\t<div class=\"frm_submit\">\r\n\r\n<button class=\"frm_button_submit\" type=\"submit\"  >Envoyer<\/button>\r\n\r\n<\/div>\n<\/div>\n\t<input type=\"hidden\" name=\"item_key\" value=\"\" \/>\n\t\t\t<div id=\"frm_field_66_container\">\n\t\t\t<label for=\"field_6z7y1\" >\n\t\t\t\tIf you are human, leave this field blank.\t\t\t<\/label>\n\t\t\t<input  id=\"field_6z7y1\" type=\"text\" class=\"frm_form_field form-field frm_verify\" name=\"item_meta[66]\" value=\"\"  \/>\n\t\t<\/div>\n\t\t<input name=\"frm_state\" type=\"hidden\" value=\"nUXZQUSI1VTBqpmOB+I+PnIegDgalYHPnQGtBdZPS1Q=\" \/><\/div>\n<\/fieldset>\n<\/div>\n\n<\/form>\n<\/div>\n\n<\/div>\n<\/div><\/div><\/div><\/div><div id=\"pgc-2534-2-1\"  class=\"panel-grid-cell\" ><div id=\"panel-2534-2-1-0\" class=\"so-panel widget widget_sow-image panel-first-child panel-last-child\" data-index=\"5\" ><div class=\"iw-large panel-widget-style panel-widget-style-for-2534-2-1-0\" ><div\n\t\t\t\n\t\t\tclass=\"so-widget-sow-image so-widget-sow-image-default-c67d20f9f743-2534\"\n\t\t\t\n\t\t>\n<div class=\"sow-image-container\">\n\t\t<img \n\tsrc=\"https:\/\/richmond.quebec\/wp-content\/uploads\/2018\/03\/orange-rounded-icon.svg\" alt=\"\" \t\tclass=\"so-widget-image\"\/>\n\t<\/div>\n\n<\/div><\/div><\/div><\/div><\/div><\/div><div id=\"pg-2534-3\"  class=\"panel-grid panel-no-style\" ><div id=\"pgc-2534-3-0\"  class=\"panel-grid-cell\" ><div id=\"panel-2534-3-0-0\" class=\"so-panel widget widget_sow-editor panel-first-child panel-last-child\" data-index=\"6\" ><div\n\t\t\t\n\t\t\tclass=\"so-widget-sow-editor so-widget-sow-editor-base\"\n\t\t\t\n\t\t>\n<div class=\"siteorigin-widget-tinymce textwidget\">\n\t<\/div>\n<\/div><\/div><\/div><div id=\"pgc-2534-3-1\"  class=\"panel-grid-cell\" ><div id=\"panel-2534-3-1-0\" class=\"so-panel widget widget_sow-editor panel-first-child panel-last-child\" data-index=\"7\" ><div\n\t\t\t\n\t\t\tclass=\"so-widget-sow-editor so-widget-sow-editor-base\"\n\t\t\t\n\t\t>\n<div class=\"siteorigin-widget-tinymce textwidget\">\n\t<p>&nbsp;<\/p>\n<p>&nbsp;<\/p>\n<\/div>\n<\/div><\/div><\/div><\/div><\/div>","protected":false},"excerpt":{"rendered":"<p>\u00a0 Formulaire de demande de permis et de certificat d&#8217;autorisation Demande de permis et de certificat d&#8217;autorisation Date Nom complet du demandeur Nom de la personne qui fait la demande T\u00e9l\u00e9phone Courriel Adresse des travaux Code Postal Matricule Num\u00e9ro de lot Type de b\u00e2timent Habitation unifamilialeHabitation bifamilialeHabitation multifamilialeMaison mobileChaletCommerceIndustrieServicesExploitation agricoleAutres Si vous avez r\u00e9pondu &#8220;autres&#8221;, [&hellip;]<\/p>\n","protected":false},"author":2,"featured_media":0,"parent":0,"menu_order":0,"comment_status":"closed","ping_status":"closed","template":"","meta":{"_monsterinsights_skip_tracking":false,"_monsterinsights_sitenote_active":false,"_monsterinsights_sitenote_note":"","_monsterinsights_sitenote_category":0,"ocean_post_layout":"","ocean_both_sidebars_style":"","ocean_both_sidebars_content_width":0,"ocean_both_sidebars_sidebars_width":0,"ocean_sidebar":"0","ocean_second_sidebar":"0","ocean_disable_margins":"enable","ocean_add_body_class":"","ocean_shortcode_before_top_bar":"","ocean_shortcode_after_top_bar":"","ocean_shortcode_before_header":"","ocean_shortcode_after_header":"","ocean_has_shortcode":"","ocean_shortcode_after_title":"","ocean_shortcode_before_footer_widgets":"","ocean_shortcode_after_footer_widgets":"","ocean_shortcode_before_footer_bottom":"","ocean_shortcode_after_footer_bottom":"","ocean_display_top_bar":"default","ocean_display_header":"default","ocean_header_style":"","ocean_center_header_left_menu":"0","ocean_custom_header_template":"0","ocean_custom_logo":0,"ocean_custom_retina_logo":0,"ocean_custom_logo_max_width":0,"ocean_custom_logo_tablet_max_width":0,"ocean_custom_logo_mobile_max_width":0,"ocean_custom_logo_max_height":0,"ocean_custom_logo_tablet_max_height":0,"ocean_custom_logo_mobile_max_height":0,"ocean_header_custom_menu":"0","ocean_menu_typo_font_family":"0","ocean_menu_typo_font_subset":"","ocean_menu_typo_font_size":0,"ocean_menu_typo_font_size_tablet":0,"ocean_menu_typo_font_size_mobile":0,"ocean_menu_typo_font_size_unit":"px","ocean_menu_typo_font_weight":"","ocean_menu_typo_font_weight_tablet":"","ocean_menu_typo_font_weight_mobile":"","ocean_menu_typo_transform":"","ocean_menu_typo_transform_tablet":"","ocean_menu_typo_transform_mobile":"","ocean_menu_typo_line_height":0,"ocean_menu_typo_line_height_tablet":0,"ocean_menu_typo_line_height_mobile":0,"ocean_menu_typo_line_height_unit":"","ocean_menu_typo_spacing":0,"ocean_menu_typo_spacing_tablet":0,"ocean_menu_typo_spacing_mobile":0,"ocean_menu_typo_spacing_unit":"","ocean_menu_link_color":"","ocean_menu_link_color_hover":"","ocean_menu_link_color_active":"","ocean_menu_link_background":"","ocean_menu_link_hover_background":"","ocean_menu_link_active_background":"","ocean_menu_social_links_bg":"","ocean_menu_social_hover_links_bg":"","ocean_menu_social_links_color":"","ocean_menu_social_hover_links_color":"","ocean_disable_title":"default","ocean_disable_heading":"default","ocean_post_title":"","ocean_post_subheading":"","ocean_post_title_style":"","ocean_post_title_background_color":"","ocean_post_title_background":0,"ocean_post_title_bg_image_position":"","ocean_post_title_bg_image_attachment":"","ocean_post_title_bg_image_repeat":"","ocean_post_title_bg_image_size":"","ocean_post_title_height":0,"ocean_post_title_bg_overlay":0.5,"ocean_post_title_bg_overlay_color":"","ocean_disable_breadcrumbs":"default","ocean_breadcrumbs_color":"","ocean_breadcrumbs_separator_color":"","ocean_breadcrumbs_links_color":"","ocean_breadcrumbs_links_hover_color":"","ocean_display_footer_widgets":"default","ocean_display_footer_bottom":"default","ocean_custom_footer_template":"0","footnotes":""},"class_list":["post-2534","page","type-page","status-publish","hentry","entry"],"aioseo_notices":[],"publishpress_future_action":{"enabled":false,"date":"2026-05-23 00:16:20","action":"change-status","newStatus":"draft","terms":[],"taxonomy":"","extraData":[]},"publishpress_future_workflow_manual_trigger":{"enabledWorkflows":[]},"_links":{"self":[{"href":"https:\/\/richmond.quebec\/en\/wp-json\/wp\/v2\/pages\/2534","targetHints":{"allow":["GET"]}}],"collection":[{"href":"https:\/\/richmond.quebec\/en\/wp-json\/wp\/v2\/pages"}],"about":[{"href":"https:\/\/richmond.quebec\/en\/wp-json\/wp\/v2\/types\/page"}],"author":[{"embeddable":true,"href":"https:\/\/richmond.quebec\/en\/wp-json\/wp\/v2\/users\/2"}],"replies":[{"embeddable":true,"href":"https:\/\/richmond.quebec\/en\/wp-json\/wp\/v2\/comments?post=2534"}],"version-history":[{"count":11,"href":"https:\/\/richmond.quebec\/en\/wp-json\/wp\/v2\/pages\/2534\/revisions"}],"predecessor-version":[{"id":5210,"href":"https:\/\/richmond.quebec\/en\/wp-json\/wp\/v2\/pages\/2534\/revisions\/5210"}],"wp:attachment":[{"href":"https:\/\/richmond.quebec\/en\/wp-json\/wp\/v2\/media?parent=2534"}],"curies":[{"name":"wp","href":"https:\/\/api.w.org\/{rel}","templated":true}]}}