{"id":2510,"date":"2018-10-29T15:21:41","date_gmt":"2018-10-29T19:21:41","guid":{"rendered":"http:\/\/www.nouveau.ville.richmond.qc.ca\/?page_id=2510"},"modified":"2021-02-07T15:55:05","modified_gmt":"2021-02-07T20:55:05","slug":"piia","status":"publish","type":"page","link":"https:\/\/richmond.quebec\/en\/piia\/","title":{"rendered":"PIIA"},"content":{"rendered":"<div id=\"pl-2510\"  class=\"panel-layout\" ><div id=\"pg-2510-0\"  class=\"panel-grid panel-has-style\" ><div class=\"siteorigin-panels-stretch panel-row-style panel-row-style-for-2510-0\" data-stretch-type=\"full-stretched\" ><div id=\"pgc-2510-0-0\"  class=\"panel-grid-cell\" ><div id=\"panel-2510-0-0-0\" class=\"so-panel widget widget_sow-hero panel-first-child panel-last-child\" data-index=\"0\" ><div\n\t\t\t\n\t\t\tclass=\"so-widget-sow-hero so-widget-sow-hero-default-87cc7e7cd7b1-2510 so-widget-fittext-wrapper\"\n\t\t\t data-fit-text-compressor=\"0.85\"\n\t\t>\t\t\t\t<div class=\"sow-slider-base\" style=\"display: none\" tabindex=\"0\">\n\t\t\t\t\t<ul\n\t\t\t\t\tclass=\"sow-slider-images\"\n\t\t\t\t\tdata-settings=\"{&quot;pagination&quot;:true,&quot;speed&quot;:800,&quot;timeout&quot;:8000,&quot;paused&quot;:false,&quot;pause_on_hover&quot;:false,&quot;swipe&quot;:true,&quot;nav_always_show_desktop&quot;:&quot;&quot;,&quot;nav_always_show_mobile&quot;:&quot;&quot;,&quot;breakpoint&quot;:&quot;780px&quot;,&quot;unmute&quot;:false,&quot;anchor&quot;:null}\"\n\t\t\t\t\tstyle=\"min-height: 400px\"\t\t\t\t\tdata-anchor-id=\"\"\n\t\t\t\t>\t\t<li class=\"sow-slider-image  sow-slider-image-cover\" style=\"visibility: visible;;background-color: #333333;background-image: url(https:\/\/richmond.quebec\/wp-content\/uploads\/2018\/07\/urbanisme.jpg)\" >\n\t\t\t\t\t<div class=\"sow-slider-image-container\">\n\t\t\t<div class=\"sow-slider-image-wrapper\">\n\t\t\t\t\t\t\t<\/div>\n\t\t<\/div>\n\t\t\t\t<\/li>\n\t\t<\/ul>\t\t\t\t<ol class=\"sow-slider-pagination\">\n\t\t\t\t\t\t\t\t\t\t\t<li><a href=\"#\" data-goto=\"0\" aria-label=\"Display slide 1\"><\/a><\/li>\n\t\t\t\t\t\t\t\t\t<\/ol>\n\n\t\t\t\t<div class=\"sow-slide-nav sow-slide-nav-next\">\n\t\t\t\t\t<a href=\"#\" data-goto=\"next\" aria-label=\"Next slide\" data-action=\"next\">\n\t\t\t\t\t\t<em class=\"sow-sld-icon-thin-right\"><\/em>\n\t\t\t\t\t<\/a>\n\t\t\t\t<\/div>\n\n\t\t\t\t<div class=\"sow-slide-nav sow-slide-nav-prev\">\n\t\t\t\t\t<a href=\"#\" data-goto=\"previous\" aria-label=\"Previous slide\" data-action=\"prev\">\n\t\t\t\t\t\t<em class=\"sow-sld-icon-thin-left\"><\/em>\n\t\t\t\t\t<\/a>\n\t\t\t\t<\/div>\n\t\t\t\t<\/div><\/div><\/div><\/div><\/div><\/div><div id=\"pg-2510-1\"  class=\"panel-grid panel-has-style\" ><div class=\"panel-row-style panel-row-style-for-2510-1\" ><div id=\"pgc-2510-1-0\"  class=\"panel-grid-cell\" ><div id=\"panel-2510-1-0-0\" class=\"so-panel widget widget_sow-editor panel-first-child\" data-index=\"1\" ><div\n\t\t\t\n\t\t\tclass=\"so-widget-sow-editor so-widget-sow-editor-base\"\n\t\t\t\n\t\t>\n<div class=\"siteorigin-widget-tinymce textwidget\">\n\t<div style=\"background-color: #fff; position: absolute; margin-top: -60px; margin-left:-40px; width: 66%; height: 60px; z-index: 1000;\">\u00a0<\/div>\n<\/div>\n<\/div><\/div><div id=\"panel-2510-1-0-1\" class=\"so-panel widget widget_sow-headline\" data-index=\"2\" ><div class=\"panel-widget-style panel-widget-style-for-2510-1-0-1\" ><div\n\t\t\t\n\t\t\tclass=\"so-widget-sow-headline so-widget-sow-headline-default-d92940c07788-2510\"\n\t\t\t\n\t\t><div class=\"sow-headline-container \">\n\t\t\t\t\t\t\t<h1 class=\"sow-headline\">\n\t\t\t\t\t\tPlan d'implantation et d'int\u00e9gration architecturale (PIIA)\t\t\t\t\t\t<\/h1>\n\t\t\t\t\t\t\t\t\t\t\t<div class=\"decoration\">\n\t\t\t\t\t\t<div class=\"decoration-inside\"><\/div>\n\t\t\t\t\t<\/div>\n\t\t\t\t\t<\/div>\n<\/div><\/div><\/div><div id=\"panel-2510-1-0-2\" class=\"so-panel widget widget_sow-editor panel-last-child\" data-index=\"3\" ><div class=\"panel-widget-style panel-widget-style-for-2510-1-0-2\" ><div\n\t\t\t\n\t\t\tclass=\"so-widget-sow-editor so-widget-sow-editor-base\"\n\t\t\t\n\t\t>\n<div class=\"siteorigin-widget-tinymce textwidget\">\n\t<\/div>\n<\/div><\/div><\/div><\/div><div id=\"pgc-2510-1-1\"  class=\"panel-grid-cell\" ><div id=\"panel-2510-1-1-0\" class=\"so-panel widget widget_sow-image panel-first-child panel-last-child\" data-index=\"4\" ><div class=\"iw-large panel-widget-style panel-widget-style-for-2510-1-1-0\" ><div\n\t\t\t\n\t\t\tclass=\"so-widget-sow-image so-widget-sow-image-default-c67d20f9f743-2510\"\n\t\t\t\n\t\t>\n<div class=\"sow-image-container\">\n\t\t<img \n\tsrc=\"https:\/\/richmond.quebec\/wp-content\/uploads\/2018\/03\/icon-element.svg\" alt=\"\" \t\tclass=\"so-widget-image\"\/>\n\t<\/div>\n\n<\/div><\/div><\/div><\/div><\/div><\/div><div id=\"pg-2510-2\"  class=\"panel-grid panel-no-style\" ><div id=\"pgc-2510-2-0\"  class=\"panel-grid-cell panel-grid-cell-mobile-last\" ><div id=\"panel-2510-2-0-0\" class=\"so-panel widget widget_ink-accordion panel-first-child panel-last-child\" data-index=\"5\" ><div\n\t\t\t\n\t\t\tclass=\"so-widget-ink-accordion so-widget-ink-accordion-accordion-c3d27cbddd70-2510\"\n\t\t\t\n\t\t>\n<div class=\"iw-so-accordion-plain iw-so-accordion iw-so-acc-singleExpand\">\n\n\t\n\t\t<div class=\"iw-so-acc-item\"  id=\"toggle-1-1\">\n\n\t\t\t<a href=\"#\" class=\"iw-so-acc-title iw-text-left\">\n\t\t\t\tQu&#039;est-ce qu&#039;un PIIA ?\t\t\t\t<span class=\"iw-so-tgl-open\"><span class=\"sow-icon-fontawesome sow-fas\" data-sow-icon=\"&#x2b;\"\n\t\tstyle=\"font-size: 2em; color: left\" \n\t\taria-hidden=\"true\"><\/span><\/span>\n\t\t\t\t<span class=\"iw-so-tgl-close\"><span class=\"sow-icon-fontawesome sow-fas\" data-sow-icon=\"&#xf146;\"\n\t\tstyle=\"font-size: 2em; color: left\" \n\t\taria-hidden=\"true\"><\/span><\/span>\n\t\t\t<\/a>\n\n\t\t\t<div class=\"iw-so-acc-content\">\n\t\t\t\t<div class=\"contentDiv\">\n<p>L'identification, dans le r\u00e8glement sur les plans d'implantation et d'int\u00e9gration architecturale (PIIA), de certains territoires ou de certaines cat\u00e9gories de projets devant faire l'objet d'une \u00e9valuation qualitative au moment d'une demande de permis ou de certificat, permet \u00e0 la municipalit\u00e9 d'assurer la qualit\u00e9 de l'implantation et de l'int\u00e9gration architecturale tout en tenant compte des particularit\u00e9s de chaque situation.<\/p>\n<\/div>\n\t\t\t<\/div>\n\n\t\t<\/div>\n\n\t\t\n\t\n\t\t<div class=\"iw-so-acc-item\"  id=\"toggle-1-2\">\n\n\t\t\t<a href=\"#\" class=\"iw-so-acc-title iw-text-left\">\n\t\t\t\t\u00c0 quoi sert un PIIA ?\t\t\t\t<span class=\"iw-so-tgl-open\"><span class=\"sow-icon-fontawesome sow-fas\" data-sow-icon=\"&#x2b;\"\n\t\tstyle=\"font-size: 2em; color: left\" \n\t\taria-hidden=\"true\"><\/span><\/span>\n\t\t\t\t<span class=\"iw-so-tgl-close\"><span class=\"sow-icon-fontawesome sow-fas\" data-sow-icon=\"&#xf146;\"\n\t\tstyle=\"font-size: 2em; color: left\" \n\t\taria-hidden=\"true\"><\/span><\/span>\n\t\t\t<\/a>\n\n\t\t\t<div class=\"iw-so-acc-content\">\n\t\t\t\t<div class=\"contentDiv\">\n<p>Cette approche plus souple d'\u00e9valuation des projets \u00e0 partir de crit\u00e8res plut\u00f4t que de normes favorise la recherche de solutions novatrices dans un \u00e9change ouvert entre la municipalit\u00e9 et les promoteurs.<\/p>\n<p>L'approche est particuli\u00e8rement appropri\u00e9e lorsqu'il s'agit de contr\u00f4ler les am\u00e9nagements et les constructions dans les zones sensibles du territoire, que ce soit en milieu dense o\u00f9 l'int\u00e9r\u00eat est d'ordre architectural ou urbanistique ou qu'il s'agisse de secteurs encore caract\u00e9ris\u00e9s par leur environnement naturel.<\/p>\n<p>Elle convient bien aux projets d'une certaine envergure pour lesquels on souhaite s'assurer d'une certaine unit\u00e9 et harmonie. Par exemple, pour le d\u00e9veloppement d'un nouveau quartier, l'insertion d'un projet particulier de construction, de modification ou d'occupation. Elle sert aussi aux projets\u00a0qui se trouvent dans des zones d'int\u00e9r\u00eat particulier comme\u00a0un quartier ancien, un secteur bois\u00e9, etc.<\/p>\n<p>Ainsi, en milieu naturel, la municipalit\u00e9 peut chercher une implantation de b\u00e2timents de vill\u00e9giature plus respectueuse du site, de la v\u00e9g\u00e9tation et de la topographie. De m\u00eame, dans un quartier ancien, l'int\u00e9gration architecturale des nouveaux b\u00e2timents ou des modifications effectu\u00e9es aux b\u00e2timents existants peut constituer une priorit\u00e9.<\/p>\n<p>Cette approche \u00e9largit aussi les pouvoirs accord\u00e9s en vertu de la Loi sur les biens culturels (LBC) permettant de fixer des conditions \u00e0 l'\u00e9mission d'un permis relatif \u00e0 un b\u00e2timent historique ou dans une zone d'int\u00e9r\u00eat.<\/p>\n<p>Source : <a href=\"http:\/\/www.mamrot.gouv.qc.ca\/\" target=\"_blank\" rel=\"noopener\">www.mamrot.gouv.qc.ca<\/a><\/p>\n<p>Cliquez sur le lien suivant pour voir le <a href=\"http:\/\/www.ville.richmond.qc.ca\/wp-content\/uploads\/2018\/10\/Regl_76_PIIA_mai_2011.pdf\" target=\"_blank\" rel=\"noopener\">Plan d'implantation et d'int\u00e9gration architecturale (PIIA)<\/a>\u00a0(format pdf).<\/p>\n<p>Cliquez sur le lien suivant pour consulter le <a href=\"http:\/\/www.ville.richmond.qc.ca\/wp-content\/uploads\/2018\/10\/Reglement_222_citation_patrimoniale.pdf\" target=\"_blank\" rel=\"noopener\">R\u00e8glement de citation d'un site patrimonial<\/a>.<\/p>\n<\/div>\n\t\t\t<\/div>\n\n\t\t<\/div>\n\n\t\t\n\t\n\t\t<div class=\"iw-so-acc-item\"  id=\"toggle-1-3\">\n\n\t\t\t<a href=\"#\" class=\"iw-so-acc-title iw-text-left\">\n\t\t\t\tSecteurs de Richmond assujettis au PIIA\t\t\t\t<span class=\"iw-so-tgl-open\"><span class=\"sow-icon-fontawesome sow-fas\" data-sow-icon=\"&#x2b;\"\n\t\tstyle=\"font-size: 2em; color: left\" \n\t\taria-hidden=\"true\"><\/span><\/span>\n\t\t\t\t<span class=\"iw-so-tgl-close\"><span class=\"sow-icon-fontawesome sow-fas\" data-sow-icon=\"&#xf146;\"\n\t\tstyle=\"font-size: 2em; color: left\" \n\t\taria-hidden=\"true\"><\/span><\/span>\n\t\t\t<\/a>\n\n\t\t\t<div class=\"iw-so-acc-content\">\n\t\t\t\t<div class=\"contentDiv\">\n<ul>\n<li>Ancien quartier anglais<\/li>\n<li>- Avenue de Melbourne<\/li>\n<li>- Cleevemont<\/li>\n<li>- Quartier Jamesville<\/li>\n<li>- Centre-ville<\/li>\n<\/ul>\n<p>Cliquez sur le lien suivant pour voir la <a href=\"http:\/\/www.ville.richmond.qc.ca\/wp-content\/uploads\/2018\/10\/PIIA_003_2011_final_territoire.pdf\">Carte d\u00e9taill\u00e9e des\u00a0secteurs et des zones vis\u00e9s par le PIIA<\/a>\u00a0(format pdf).<\/p>\n<\/div>\n\t\t\t<\/div>\n\n\t\t<\/div>\n\n\t\t\n\t\n\t\t<div class=\"iw-so-acc-item\"  id=\"toggle-1-4\">\n\n\t\t\t<a href=\"#\" class=\"iw-so-acc-title iw-text-left\">\n\t\t\t\tQue faire si votre projet est r\u00e9gi par le PIIA ?\t\t\t\t<span class=\"iw-so-tgl-open\"><span class=\"sow-icon-fontawesome sow-fas\" data-sow-icon=\"&#x2b;\"\n\t\tstyle=\"font-size: 2em; color: left\" \n\t\taria-hidden=\"true\"><\/span><\/span>\n\t\t\t\t<span class=\"iw-so-tgl-close\"><span class=\"sow-icon-fontawesome sow-fas\" data-sow-icon=\"&#xf146;\"\n\t\tstyle=\"font-size: 2em; color: left\" \n\t\taria-hidden=\"true\"><\/span><\/span>\n\t\t\t<\/a>\n\n\t\t\t<div class=\"iw-so-acc-content\">\n\t\t\t\t<div class=\"contentDiv\">\n<p>Si votre\u00a0projet est assujetti au PIIA, les documents \u00e0 fournir diff\u00e8rent selon les cas, mais seront toutefois plus nombreux, car le dossier d'analyse se doit d'\u00eatre plus complet\u00a0 (par exemple : plans en couleur, choix des mat\u00e9riaux, crit\u00e8res architecturaux, etc.).Pour savoir quelle information fournir\u00a0pr\u00e9cis\u00e9ment, veuillez communiquer avec l'inspecteur municipal ou cliquez sur le lien suivant :<\/p>\n<p><a href=\"http:\/\/www.ville.richmond.qc.ca\/wp-content\/uploads\/2018\/10\/regl_111_permis_et_certificats_2017-08.pdf\">R\u00e8glement sur les certificats et les permis No 111<\/a> (format pdf).<\/p>\n<\/div>\n\t\t\t<\/div>\n\n\t\t<\/div>\n\n\t\t\n\t\n\t\t<div class=\"iw-so-acc-item\"  id=\"toggle-1-5\">\n\n\t\t\t<a href=\"#\" class=\"iw-so-acc-title iw-text-left\">\n\t\t\t\tCombien co\u00fbte une demande au PIIA ?\t\t\t\t<span class=\"iw-so-tgl-open\"><span class=\"sow-icon-fontawesome sow-fas\" data-sow-icon=\"&#x2b;\"\n\t\tstyle=\"font-size: 2em; color: left\" \n\t\taria-hidden=\"true\"><\/span><\/span>\n\t\t\t\t<span class=\"iw-so-tgl-close\"><span class=\"sow-icon-fontawesome sow-fas\" data-sow-icon=\"&#xf146;\"\n\t\tstyle=\"font-size: 2em; color: left\" \n\t\taria-hidden=\"true\"><\/span><\/span>\n\t\t\t<\/a>\n\n\t\t\t<div class=\"iw-so-acc-content\">\n\t\t\t\t<div class=\"contentDiv\">Les co\u00fbts sont identiques \u00e0 n'importe quel autre projet en dehors des secteurs touch\u00e9s par le PIIA.<\/div>\n\t\t\t<\/div>\n\n\t\t<\/div>\n\n\t\t\n\t\n\t\t<div class=\"iw-so-acc-item\"  id=\"toggle-1-6\">\n\n\t\t\t<a href=\"#\" class=\"iw-so-acc-title iw-text-left\">\n\t\t\t\t  Comment faire une demande de permis si votre projet est assujetti au PIIA ?\t\t\t\t<span class=\"iw-so-tgl-open\"><span class=\"sow-icon-fontawesome sow-fas\" data-sow-icon=\"&#x2b;\"\n\t\tstyle=\"font-size: 2em; color: left\" \n\t\taria-hidden=\"true\"><\/span><\/span>\n\t\t\t\t<span class=\"iw-so-tgl-close\"><span class=\"sow-icon-fontawesome sow-fas\" data-sow-icon=\"&#xf146;\"\n\t\tstyle=\"font-size: 2em; color: left\" \n\t\taria-hidden=\"true\"><\/span><\/span>\n\t\t\t<\/a>\n\n\t\t\t<div class=\"iw-so-acc-content\">\n\t\t\t\t<div class=\"contentDiv\">Que votre projet\u00a0soit assujetti ou non au PIIA, vous devez remplir et retourner \u00e0 l'inspecteur municipal l'unique <a href=\"http:\/\/www.ville.richmond.qc.ca\/demande-permis-certif-autorisation\/\">formulaire de demande de permis et certificat<\/a>. Vous pouvez acc\u00e9der \u00e0\u00a0un formulaire int\u00e9gr\u00e9\u00a0en cliquant sur le lien pr\u00e9c\u00e9dent ou en compl\u00e9tant le formulaire en version papier et en le retournant sign\u00e9 \u00e0 l'h\u00f4tel de ville.<\/div>\n\t\t\t<\/div>\n\n\t\t<\/div>\n\n\t\t\n\t\n\t\t<div class=\"iw-so-acc-item\"  id=\"toggle-1-7\">\n\n\t\t\t<a href=\"#\" class=\"iw-so-acc-title iw-text-left\">\n\t\t\t\tQuel est le cheminement d&#039;une demande ?\t\t\t\t<span class=\"iw-so-tgl-open\"><span class=\"sow-icon-fontawesome sow-fas\" data-sow-icon=\"&#x2b;\"\n\t\tstyle=\"font-size: 2em; color: left\" \n\t\taria-hidden=\"true\"><\/span><\/span>\n\t\t\t\t<span class=\"iw-so-tgl-close\"><span class=\"sow-icon-fontawesome sow-fas\" data-sow-icon=\"&#xf146;\"\n\t\tstyle=\"font-size: 2em; color: left\" \n\t\taria-hidden=\"true\"><\/span><\/span>\n\t\t\t<\/a>\n\n\t\t\t<div class=\"iw-so-acc-content\">\n\t\t\t\t<div class=\"contentDiv\">Pour l'\u00e9mission des permis ou des certificats requis pour d\u00e9buter les travaux des projets soumis au PIIA, sachez que des d\u00e9lais suppl\u00e9mentaires sont \u00e0 pr\u00e9voir,\u00a0puisque l'ensemble du dossier doit faire l'objet d'une recommandation du\u00a0<a href=\"http:\/\/www.ville.richmond.qc.ca\/ccu\/\">comit\u00e9 consultatif d'urbanisme (CCU)<\/a>\u00a0et d'une approbation par r\u00e9solution du conseil municipal autorisant l'inspecteur en b\u00e2timent \u00e0 \u00e9mettre le permis ou le certificat demand\u00e9.<\/div>\n<div><\/div>\n\t\t\t<\/div>\n\n\t\t<\/div>\n\n\t\t\n\t\n<\/div>\n<\/div><\/div><\/div><div id=\"pgc-2510-2-1\"  class=\"panel-grid-cell panel-grid-cell-empty\" ><\/div><\/div><div id=\"pg-2510-3\"  class=\"panel-grid panel-has-style\" ><div class=\"siteorigin-panels-stretch panel-row-style panel-row-style-for-2510-3\" data-stretch-type=\"full\" ><div id=\"pgc-2510-3-0\"  class=\"panel-grid-cell panel-grid-cell-empty\" ><\/div><\/div><\/div><\/div>","protected":false},"excerpt":{"rendered":"<p>\u00a0<\/p>\n","protected":false},"author":1,"featured_media":0,"parent":0,"menu_order":0,"comment_status":"closed","ping_status":"closed","template":"","meta":{"_monsterinsights_skip_tracking":false,"_monsterinsights_sitenote_active":false,"_monsterinsights_sitenote_note":"","_monsterinsights_sitenote_category":0,"ocean_post_layout":"","ocean_both_sidebars_style":"","ocean_both_sidebars_content_width":0,"ocean_both_sidebars_sidebars_width":0,"ocean_sidebar":"0","ocean_second_sidebar":"0","ocean_disable_margins":"enable","ocean_add_body_class":"","ocean_shortcode_before_top_bar":"","ocean_shortcode_after_top_bar":"","ocean_shortcode_before_header":"","ocean_shortcode_after_header":"","ocean_has_shortcode":"","ocean_shortcode_after_title":"","ocean_shortcode_before_footer_widgets":"","ocean_shortcode_after_footer_widgets":"","ocean_shortcode_before_footer_bottom":"","ocean_shortcode_after_footer_bottom":"","ocean_display_top_bar":"default","ocean_display_header":"default","ocean_header_style":"","ocean_center_header_left_menu":"0","ocean_custom_header_template":"0","ocean_custom_logo":0,"ocean_custom_retina_logo":0,"ocean_custom_logo_max_width":0,"ocean_custom_logo_tablet_max_width":0,"ocean_custom_logo_mobile_max_width":0,"ocean_custom_logo_max_height":0,"ocean_custom_logo_tablet_max_height":0,"ocean_custom_logo_mobile_max_height":0,"ocean_header_custom_menu":"0","ocean_menu_typo_font_family":"0","ocean_menu_typo_font_subset":"","ocean_menu_typo_font_size":0,"ocean_menu_typo_font_size_tablet":0,"ocean_menu_typo_font_size_mobile":0,"ocean_menu_typo_font_size_unit":"px","ocean_menu_typo_font_weight":"","ocean_menu_typo_font_weight_tablet":"","ocean_menu_typo_font_weight_mobile":"","ocean_menu_typo_transform":"","ocean_menu_typo_transform_tablet":"","ocean_menu_typo_transform_mobile":"","ocean_menu_typo_line_height":0,"ocean_menu_typo_line_height_tablet":0,"ocean_menu_typo_line_height_mobile":0,"ocean_menu_typo_line_height_unit":"","ocean_menu_typo_spacing":0,"ocean_menu_typo_spacing_tablet":0,"ocean_menu_typo_spacing_mobile":0,"ocean_menu_typo_spacing_unit":"","ocean_menu_link_color":"","ocean_menu_link_color_hover":"","ocean_menu_link_color_active":"","ocean_menu_link_background":"","ocean_menu_link_hover_background":"","ocean_menu_link_active_background":"","ocean_menu_social_links_bg":"","ocean_menu_social_hover_links_bg":"","ocean_menu_social_links_color":"","ocean_menu_social_hover_links_color":"","ocean_disable_title":"default","ocean_disable_heading":"default","ocean_post_title":"","ocean_post_subheading":"","ocean_post_title_style":"","ocean_post_title_background_color":"","ocean_post_title_background":0,"ocean_post_title_bg_image_position":"","ocean_post_title_bg_image_attachment":"","ocean_post_title_bg_image_repeat":"","ocean_post_title_bg_image_size":"","ocean_post_title_height":0,"ocean_post_title_bg_overlay":0.5,"ocean_post_title_bg_overlay_color":"","ocean_disable_breadcrumbs":"default","ocean_breadcrumbs_color":"","ocean_breadcrumbs_separator_color":"","ocean_breadcrumbs_links_color":"","ocean_breadcrumbs_links_hover_color":"","ocean_display_footer_widgets":"default","ocean_display_footer_bottom":"default","ocean_custom_footer_template":"0","footnotes":""},"class_list":["post-2510","page","type-page","status-publish","hentry","entry"],"aioseo_notices":[],"publishpress_future_action":{"enabled":false,"date":"2026-05-21 10:35:22","action":"change-status","newStatus":"draft","terms":[],"taxonomy":"","extraData":[]},"publishpress_future_workflow_manual_trigger":{"enabledWorkflows":[]},"_links":{"self":[{"href":"https:\/\/richmond.quebec\/en\/wp-json\/wp\/v2\/pages\/2510","targetHints":{"allow":["GET"]}}],"collection":[{"href":"https:\/\/richmond.quebec\/en\/wp-json\/wp\/v2\/pages"}],"about":[{"href":"https:\/\/richmond.quebec\/en\/wp-json\/wp\/v2\/types\/page"}],"author":[{"embeddable":true,"href":"https:\/\/richmond.quebec\/en\/wp-json\/wp\/v2\/users\/1"}],"replies":[{"embeddable":true,"href":"https:\/\/richmond.quebec\/en\/wp-json\/wp\/v2\/comments?post=2510"}],"version-history":[{"count":12,"href":"https:\/\/richmond.quebec\/en\/wp-json\/wp\/v2\/pages\/2510\/revisions"}],"predecessor-version":[{"id":3673,"href":"https:\/\/richmond.quebec\/en\/wp-json\/wp\/v2\/pages\/2510\/revisions\/3673"}],"wp:attachment":[{"href":"https:\/\/richmond.quebec\/en\/wp-json\/wp\/v2\/media?parent=2510"}],"curies":[{"name":"wp","href":"https:\/\/api.w.org\/{rel}","templated":true}]}}